{"id":1699,"date":"2018-07-29T17:41:13","date_gmt":"2018-07-29T14:41:13","guid":{"rendered":"http:\/\/istanbultiptanitim.istanbul.edu.tr\/?page_id=1699"},"modified":"2018-07-29T18:42:34","modified_gmt":"2018-07-29T15:42:34","slug":"istanbul-tip-fakultesi-erkek-voleybol-takimi","status":"publish","type":"page","link":"https:\/\/istanbultiptanitim.istanbul.edu.tr\/index.php\/istanbul-tip-fakultesi-erkek-voleybol-takimi\/","title":{"rendered":""},"content":{"rendered":"<div id=\"pl-1699\"  class=\"panel-layout\" ><div id=\"pg-1699-0\"  class=\"panel-grid panel-has-style\" ><div style=\"padding: 100px 0; \" data-overlay=\"true\" data-overlay-color=\"#000000\" class=\"panel-row-style panel-row-style-for-1699-0\" ><div id=\"pgc-1699-0-0\"  class=\"panel-grid-cell\" ><div id=\"panel-1699-0-0-0\" class=\"so-panel widget widget_text panel-first-child\" data-index=\"0\" ><div style=\"text-align: left;\" data-title-color=\"#443f3f\" data-headings-color=\"#443f3f\" class=\"panel-widget-style panel-widget-style-for-1699-0-0-0\" ><h3 class=\"widget-title\">\u0130TF Erkek Voleybol Tak\u0131m\u0131<\/h3>\t\t\t<div class=\"textwidget\"><\/div>\n\t\t<\/div><\/div><div id=\"panel-1699-0-0-1\" class=\"so-panel widget widget_media_image\" data-index=\"1\" ><div style=\"text-align: left;\" data-title-color=\"#443f3f\" data-headings-color=\"#443f3f\" class=\"panel-widget-style panel-widget-style-for-1699-0-0-1\" ><img width=\"640\" height=\"640\" src=\"https:\/\/istanbultiptanitim.istanbul.edu.tr\/wp-content\/uploads\/2018\/07\/13102579_980847138697402_1651331739_n.jpg\" class=\"image wp-image-1700  attachment-full size-full\" alt=\"\" decoding=\"async\" loading=\"lazy\" style=\"max-width: 100%; height: auto;\" srcset=\"https:\/\/istanbultiptanitim.istanbul.edu.tr\/wp-content\/uploads\/2018\/07\/13102579_980847138697402_1651331739_n.jpg 640w, https:\/\/istanbultiptanitim.istanbul.edu.tr\/wp-content\/uploads\/2018\/07\/13102579_980847138697402_1651331739_n-150x150.jpg 150w, https:\/\/istanbultiptanitim.istanbul.edu.tr\/wp-content\/uploads\/2018\/07\/13102579_980847138697402_1651331739_n-300x300.jpg 300w, https:\/\/istanbultiptanitim.istanbul.edu.tr\/wp-content\/uploads\/2018\/07\/13102579_980847138697402_1651331739_n-230x230.jpg 230w, https:\/\/istanbultiptanitim.istanbul.edu.tr\/wp-content\/uploads\/2018\/07\/13102579_980847138697402_1651331739_n-350x350.jpg 350w, https:\/\/istanbultiptanitim.istanbul.edu.tr\/wp-content\/uploads\/2018\/07\/13102579_980847138697402_1651331739_n-480x480.jpg 480w\" sizes=\"(max-width: 640px) 100vw, 640px\" \/><\/div><\/div><div id=\"panel-1699-0-0-2\" class=\"so-panel widget widget_text\" data-index=\"2\" ><div style=\"text-align: left;\" data-title-color=\"#443f3f\" data-headings-color=\"#443f3f\" class=\"panel-widget-style panel-widget-style-for-1699-0-0-2\" >\t\t\t<div class=\"textwidget\"><\/div>\n\t\t<\/div><\/div><div id=\"panel-1699-0-0-3\" class=\"so-panel widget widget_media_gallery panel-last-child\" data-index=\"3\" ><div style=\"text-align: left;\" data-title-color=\"#443f3f\" data-headings-color=\"#443f3f\" class=\"panel-widget-style panel-widget-style-for-1699-0-0-3\" ><div id='gallery-1' class='gallery galleryid-1699 gallery-columns-4 gallery-size-thumbnail'><figure class='gallery-item'>\n\t\t\t<div class='gallery-icon landscape'>\n\t\t\t\t<a href='https:\/\/istanbultiptanitim.istanbul.edu.tr\/index.php\/istanbul-tip-fakultesi-erkek-voleybol-takimi\/ee8e81_d35c3231456c40f3bce71d9ef93a0d12mv2\/'><img width=\"150\" height=\"150\" src=\"https:\/\/istanbultiptanitim.istanbul.edu.tr\/wp-content\/uploads\/2018\/07\/ee8e81_d35c3231456c40f3bce71d9ef93a0d12mv2-150x150.jpg\" class=\"attachment-thumbnail size-thumbnail\" alt=\"\" decoding=\"async\" loading=\"lazy\" srcset=\"https:\/\/istanbultiptanitim.istanbul.edu.tr\/wp-content\/uploads\/2018\/07\/ee8e81_d35c3231456c40f3bce71d9ef93a0d12mv2-150x150.jpg 150w, https:\/\/istanbultiptanitim.istanbul.edu.tr\/wp-content\/uploads\/2018\/07\/ee8e81_d35c3231456c40f3bce71d9ef93a0d12mv2-300x300.jpg 300w, https:\/\/istanbultiptanitim.istanbul.edu.tr\/wp-content\/uploads\/2018\/07\/ee8e81_d35c3231456c40f3bce71d9ef93a0d12mv2-230x230.jpg 230w, https:\/\/istanbultiptanitim.istanbul.edu.tr\/wp-content\/uploads\/2018\/07\/ee8e81_d35c3231456c40f3bce71d9ef93a0d12mv2-350x350.jpg 350w, https:\/\/istanbultiptanitim.istanbul.edu.tr\/wp-content\/uploads\/2018\/07\/ee8e81_d35c3231456c40f3bce71d9ef93a0d12mv2-480x480.jpg 480w, https:\/\/istanbultiptanitim.istanbul.edu.tr\/wp-content\/uploads\/2018\/07\/ee8e81_d35c3231456c40f3bce71d9ef93a0d12mv2.jpg 484w\" sizes=\"(max-width: 150px) 100vw, 150px\" \/><\/a>\n\t\t\t<\/div><\/figure><figure class='gallery-item'>\n\t\t\t<div class='gallery-icon landscape'>\n\t\t\t\t<a href='https:\/\/istanbultiptanitim.istanbul.edu.tr\/index.php\/istanbul-tip-fakultesi-erkek-voleybol-takimi\/ee8e81_7c2676bb1a9b4dd5b4b81bc2f70c9aecmv2\/'><img width=\"150\" height=\"150\" src=\"https:\/\/istanbultiptanitim.istanbul.edu.tr\/wp-content\/uploads\/2018\/07\/ee8e81_7c2676bb1a9b4dd5b4b81bc2f70c9aecmv2-150x150.jpg\" class=\"attachment-thumbnail size-thumbnail\" alt=\"\" decoding=\"async\" loading=\"lazy\" srcset=\"https:\/\/istanbultiptanitim.istanbul.edu.tr\/wp-content\/uploads\/2018\/07\/ee8e81_7c2676bb1a9b4dd5b4b81bc2f70c9aecmv2-150x150.jpg 150w, https:\/\/istanbultiptanitim.istanbul.edu.tr\/wp-content\/uploads\/2018\/07\/ee8e81_7c2676bb1a9b4dd5b4b81bc2f70c9aecmv2-300x300.jpg 300w, https:\/\/istanbultiptanitim.istanbul.edu.tr\/wp-content\/uploads\/2018\/07\/ee8e81_7c2676bb1a9b4dd5b4b81bc2f70c9aecmv2-230x230.jpg 230w, https:\/\/istanbultiptanitim.istanbul.edu.tr\/wp-content\/uploads\/2018\/07\/ee8e81_7c2676bb1a9b4dd5b4b81bc2f70c9aecmv2-350x350.jpg 350w, https:\/\/istanbultiptanitim.istanbul.edu.tr\/wp-content\/uploads\/2018\/07\/ee8e81_7c2676bb1a9b4dd5b4b81bc2f70c9aecmv2-480x480.jpg 480w, https:\/\/istanbultiptanitim.istanbul.edu.tr\/wp-content\/uploads\/2018\/07\/ee8e81_7c2676bb1a9b4dd5b4b81bc2f70c9aecmv2.jpg 484w\" sizes=\"(max-width: 150px) 100vw, 150px\" \/><\/a>\n\t\t\t<\/div><\/figure><figure class='gallery-item'>\n\t\t\t<div class='gallery-icon landscape'>\n\t\t\t\t<a href='https:\/\/istanbultiptanitim.istanbul.edu.tr\/index.php\/istanbul-tip-fakultesi-erkek-voleybol-takimi\/ee8e81_7c65c27f3790479db370dc50e39f6ab4mv2\/'><img width=\"150\" height=\"150\" src=\"https:\/\/istanbultiptanitim.istanbul.edu.tr\/wp-content\/uploads\/2018\/07\/ee8e81_7c65c27f3790479db370dc50e39f6ab4mv2-150x150.jpg\" class=\"attachment-thumbnail size-thumbnail\" alt=\"\" decoding=\"async\" loading=\"lazy\" srcset=\"https:\/\/istanbultiptanitim.istanbul.edu.tr\/wp-content\/uploads\/2018\/07\/ee8e81_7c65c27f3790479db370dc50e39f6ab4mv2-150x150.jpg 150w, https:\/\/istanbultiptanitim.istanbul.edu.tr\/wp-content\/uploads\/2018\/07\/ee8e81_7c65c27f3790479db370dc50e39f6ab4mv2-300x300.jpg 300w, https:\/\/istanbultiptanitim.istanbul.edu.tr\/wp-content\/uploads\/2018\/07\/ee8e81_7c65c27f3790479db370dc50e39f6ab4mv2-230x230.jpg 230w, https:\/\/istanbultiptanitim.istanbul.edu.tr\/wp-content\/uploads\/2018\/07\/ee8e81_7c65c27f3790479db370dc50e39f6ab4mv2-350x350.jpg 350w, https:\/\/istanbultiptanitim.istanbul.edu.tr\/wp-content\/uploads\/2018\/07\/ee8e81_7c65c27f3790479db370dc50e39f6ab4mv2-480x480.jpg 480w, https:\/\/istanbultiptanitim.istanbul.edu.tr\/wp-content\/uploads\/2018\/07\/ee8e81_7c65c27f3790479db370dc50e39f6ab4mv2.jpg 484w\" sizes=\"(max-width: 150px) 100vw, 150px\" \/><\/a>\n\t\t\t<\/div><\/figure><figure class='gallery-item'>\n\t\t\t<div class='gallery-icon landscape'>\n\t\t\t\t<a href='https:\/\/istanbultiptanitim.istanbul.edu.tr\/index.php\/istanbul-tip-fakultesi-erkek-voleybol-takimi\/17438272_408169279559510_4880428693438070784_n\/'><img width=\"150\" height=\"150\" src=\"https:\/\/istanbultiptanitim.istanbul.edu.tr\/wp-content\/uploads\/2018\/07\/17438272_408169279559510_4880428693438070784_n-150x150.jpg\" class=\"attachment-thumbnail size-thumbnail\" alt=\"\" decoding=\"async\" loading=\"lazy\" srcset=\"https:\/\/istanbultiptanitim.istanbul.edu.tr\/wp-content\/uploads\/2018\/07\/17438272_408169279559510_4880428693438070784_n-150x150.jpg 150w, https:\/\/istanbultiptanitim.istanbul.edu.tr\/wp-content\/uploads\/2018\/07\/17438272_408169279559510_4880428693438070784_n-300x300.jpg 300w, https:\/\/istanbultiptanitim.istanbul.edu.tr\/wp-content\/uploads\/2018\/07\/17438272_408169279559510_4880428693438070784_n-230x230.jpg 230w, https:\/\/istanbultiptanitim.istanbul.edu.tr\/wp-content\/uploads\/2018\/07\/17438272_408169279559510_4880428693438070784_n-350x350.jpg 350w, https:\/\/istanbultiptanitim.istanbul.edu.tr\/wp-content\/uploads\/2018\/07\/17438272_408169279559510_4880428693438070784_n-480x480.jpg 480w, https:\/\/istanbultiptanitim.istanbul.edu.tr\/wp-content\/uploads\/2018\/07\/17438272_408169279559510_4880428693438070784_n.jpg 640w\" sizes=\"(max-width: 150px) 100vw, 150px\" \/><\/a>\n\t\t\t<\/div><\/figure><figure class='gallery-item'>\n\t\t\t<div class='gallery-icon landscape'>\n\t\t\t\t<a href='https:\/\/istanbultiptanitim.istanbul.edu.tr\/index.php\/istanbul-tip-fakultesi-erkek-voleybol-takimi\/17265496_1366940326696492_275103770684162048_n\/'><img width=\"150\" height=\"150\" src=\"https:\/\/istanbultiptanitim.istanbul.edu.tr\/wp-content\/uploads\/2018\/07\/17265496_1366940326696492_275103770684162048_n-150x150.jpg\" class=\"attachment-thumbnail size-thumbnail\" alt=\"\" decoding=\"async\" loading=\"lazy\" srcset=\"https:\/\/istanbultiptanitim.istanbul.edu.tr\/wp-content\/uploads\/2018\/07\/17265496_1366940326696492_275103770684162048_n-150x150.jpg 150w, https:\/\/istanbultiptanitim.istanbul.edu.tr\/wp-content\/uploads\/2018\/07\/17265496_1366940326696492_275103770684162048_n-300x300.jpg 300w, https:\/\/istanbultiptanitim.istanbul.edu.tr\/wp-content\/uploads\/2018\/07\/17265496_1366940326696492_275103770684162048_n-230x230.jpg 230w, https:\/\/istanbultiptanitim.istanbul.edu.tr\/wp-content\/uploads\/2018\/07\/17265496_1366940326696492_275103770684162048_n-350x350.jpg 350w, https:\/\/istanbultiptanitim.istanbul.edu.tr\/wp-content\/uploads\/2018\/07\/17265496_1366940326696492_275103770684162048_n-480x480.jpg 480w, https:\/\/istanbultiptanitim.istanbul.edu.tr\/wp-content\/uploads\/2018\/07\/17265496_1366940326696492_275103770684162048_n.jpg 640w\" sizes=\"(max-width: 150px) 100vw, 150px\" \/><\/a>\n\t\t\t<\/div><\/figure><figure class='gallery-item'>\n\t\t\t<div class='gallery-icon landscape'>\n\t\t\t\t<a href='https:\/\/istanbultiptanitim.istanbul.edu.tr\/index.php\/istanbul-tip-fakultesi-erkek-voleybol-takimi\/16907986_232637493810593_8496637439790546944_n\/'><img width=\"150\" height=\"150\" src=\"https:\/\/istanbultiptanitim.istanbul.edu.tr\/wp-content\/uploads\/2018\/07\/16907986_232637493810593_8496637439790546944_n-150x150.jpg\" class=\"attachment-thumbnail size-thumbnail\" alt=\"\" decoding=\"async\" loading=\"lazy\" srcset=\"https:\/\/istanbultiptanitim.istanbul.edu.tr\/wp-content\/uploads\/2018\/07\/16907986_232637493810593_8496637439790546944_n-150x150.jpg 150w, https:\/\/istanbultiptanitim.istanbul.edu.tr\/wp-content\/uploads\/2018\/07\/16907986_232637493810593_8496637439790546944_n-300x300.jpg 300w, https:\/\/istanbultiptanitim.istanbul.edu.tr\/wp-content\/uploads\/2018\/07\/16907986_232637493810593_8496637439790546944_n-230x230.jpg 230w, https:\/\/istanbultiptanitim.istanbul.edu.tr\/wp-content\/uploads\/2018\/07\/16907986_232637493810593_8496637439790546944_n-350x350.jpg 350w, https:\/\/istanbultiptanitim.istanbul.edu.tr\/wp-content\/uploads\/2018\/07\/16907986_232637493810593_8496637439790546944_n-480x480.jpg 480w, https:\/\/istanbultiptanitim.istanbul.edu.tr\/wp-content\/uploads\/2018\/07\/16907986_232637493810593_8496637439790546944_n.jpg 640w\" sizes=\"(max-width: 150px) 100vw, 150px\" \/><\/a>\n\t\t\t<\/div><\/figure><figure class='gallery-item'>\n\t\t\t<div class='gallery-icon landscape'>\n\t\t\t\t<a href='https:\/\/istanbultiptanitim.istanbul.edu.tr\/index.php\/istanbul-tip-fakultesi-erkek-voleybol-takimi\/13183421_1559156544385235_582650368_n\/'><img width=\"150\" height=\"150\" src=\"https:\/\/istanbultiptanitim.istanbul.edu.tr\/wp-content\/uploads\/2018\/07\/13183421_1559156544385235_582650368_n-150x150.jpg\" class=\"attachment-thumbnail size-thumbnail\" alt=\"\" decoding=\"async\" loading=\"lazy\" srcset=\"https:\/\/istanbultiptanitim.istanbul.edu.tr\/wp-content\/uploads\/2018\/07\/13183421_1559156544385235_582650368_n-150x150.jpg 150w, https:\/\/istanbultiptanitim.istanbul.edu.tr\/wp-content\/uploads\/2018\/07\/13183421_1559156544385235_582650368_n-300x300.jpg 300w, https:\/\/istanbultiptanitim.istanbul.edu.tr\/wp-content\/uploads\/2018\/07\/13183421_1559156544385235_582650368_n-230x230.jpg 230w, https:\/\/istanbultiptanitim.istanbul.edu.tr\/wp-content\/uploads\/2018\/07\/13183421_1559156544385235_582650368_n-350x350.jpg 350w, https:\/\/istanbultiptanitim.istanbul.edu.tr\/wp-content\/uploads\/2018\/07\/13183421_1559156544385235_582650368_n-480x480.jpg 480w, https:\/\/istanbultiptanitim.istanbul.edu.tr\/wp-content\/uploads\/2018\/07\/13183421_1559156544385235_582650368_n.jpg 640w\" sizes=\"(max-width: 150px) 100vw, 150px\" \/><\/a>\n\t\t\t<\/div><\/figure><figure class='gallery-item'>\n\t\t\t<div class='gallery-icon landscape'>\n\t\t\t\t<a href='https:\/\/istanbultiptanitim.istanbul.edu.tr\/index.php\/istanbul-tip-fakultesi-erkek-voleybol-takimi\/13167439_1167701876595697_920650313_n\/'><img width=\"150\" height=\"150\" src=\"https:\/\/istanbultiptanitim.istanbul.edu.tr\/wp-content\/uploads\/2018\/07\/13167439_1167701876595697_920650313_n-150x150.jpg\" class=\"attachment-thumbnail size-thumbnail\" alt=\"\" decoding=\"async\" loading=\"lazy\" srcset=\"https:\/\/istanbultiptanitim.istanbul.edu.tr\/wp-content\/uploads\/2018\/07\/13167439_1167701876595697_920650313_n-150x150.jpg 150w, https:\/\/istanbultiptanitim.istanbul.edu.tr\/wp-content\/uploads\/2018\/07\/13167439_1167701876595697_920650313_n-300x300.jpg 300w, https:\/\/istanbultiptanitim.istanbul.edu.tr\/wp-content\/uploads\/2018\/07\/13167439_1167701876595697_920650313_n-230x230.jpg 230w, https:\/\/istanbultiptanitim.istanbul.edu.tr\/wp-content\/uploads\/2018\/07\/13167439_1167701876595697_920650313_n-350x350.jpg 350w, https:\/\/istanbultiptanitim.istanbul.edu.tr\/wp-content\/uploads\/2018\/07\/13167439_1167701876595697_920650313_n-480x480.jpg 480w, https:\/\/istanbultiptanitim.istanbul.edu.tr\/wp-content\/uploads\/2018\/07\/13167439_1167701876595697_920650313_n.jpg 640w\" sizes=\"(max-width: 150px) 100vw, 150px\" \/><\/a>\n\t\t\t<\/div><\/figure><figure class='gallery-item'>\n\t\t\t<div class='gallery-icon landscape'>\n\t\t\t\t<a href='https:\/\/istanbultiptanitim.istanbul.edu.tr\/index.php\/istanbul-tip-fakultesi-erkek-voleybol-takimi\/13102579_980847138697402_1651331739_n\/'><img width=\"150\" height=\"150\" src=\"https:\/\/istanbultiptanitim.istanbul.edu.tr\/wp-content\/uploads\/2018\/07\/13102579_980847138697402_1651331739_n-150x150.jpg\" class=\"attachment-thumbnail size-thumbnail\" alt=\"\" decoding=\"async\" loading=\"lazy\" srcset=\"https:\/\/istanbultiptanitim.istanbul.edu.tr\/wp-content\/uploads\/2018\/07\/13102579_980847138697402_1651331739_n-150x150.jpg 150w, https:\/\/istanbultiptanitim.istanbul.edu.tr\/wp-content\/uploads\/2018\/07\/13102579_980847138697402_1651331739_n-300x300.jpg 300w, https:\/\/istanbultiptanitim.istanbul.edu.tr\/wp-content\/uploads\/2018\/07\/13102579_980847138697402_1651331739_n-230x230.jpg 230w, https:\/\/istanbultiptanitim.istanbul.edu.tr\/wp-content\/uploads\/2018\/07\/13102579_980847138697402_1651331739_n-350x350.jpg 350w, https:\/\/istanbultiptanitim.istanbul.edu.tr\/wp-content\/uploads\/2018\/07\/13102579_980847138697402_1651331739_n-480x480.jpg 480w, https:\/\/istanbultiptanitim.istanbul.edu.tr\/wp-content\/uploads\/2018\/07\/13102579_980847138697402_1651331739_n.jpg 640w\" sizes=\"(max-width: 150px) 100vw, 150px\" \/><\/a>\n\t\t\t<\/div><\/figure>\n\t\t<\/div>\n<\/div><\/div><\/div><\/div><\/div><\/div>","protected":false},"excerpt":{"rendered":"<p>\u0130TF Erkek Voleybol Tak\u0131m\u0131<\/p>\n","protected":false},"author":3,"featured_media":0,"parent":0,"menu_order":0,"comment_status":"closed","ping_status":"closed","template":"","meta":{"sfsi_plus_gutenberg_text_before_share":"","sfsi_plus_gutenberg_show_text_before_share":"","sfsi_plus_gutenberg_icon_type":"","sfsi_plus_gutenberg_icon_alignemt":"","sfsi_plus_gutenburg_max_per_row":""},"_links":{"self":[{"href":"https:\/\/istanbultiptanitim.istanbul.edu.tr\/index.php\/wp-json\/wp\/v2\/pages\/1699"}],"collection":[{"href":"https:\/\/istanbultiptanitim.istanbul.edu.tr\/index.php\/wp-json\/wp\/v2\/pages"}],"about":[{"href":"https:\/\/istanbultiptanitim.istanbul.edu.tr\/index.php\/wp-json\/wp\/v2\/types\/page"}],"author":[{"embeddable":true,"href":"https:\/\/istanbultiptanitim.istanbul.edu.tr\/index.php\/wp-json\/wp\/v2\/users\/3"}],"replies":[{"embeddable":true,"href":"https:\/\/istanbultiptanitim.istanbul.edu.tr\/index.php\/wp-json\/wp\/v2\/comments?post=1699"}],"version-history":[{"count":11,"href":"https:\/\/istanbultiptanitim.istanbul.edu.tr\/index.php\/wp-json\/wp\/v2\/pages\/1699\/revisions"}],"predecessor-version":[{"id":1764,"href":"https:\/\/istanbultiptanitim.istanbul.edu.tr\/index.php\/wp-json\/wp\/v2\/pages\/1699\/revisions\/1764"}],"wp:attachment":[{"href":"https:\/\/istanbultiptanitim.istanbul.edu.tr\/index.php\/wp-json\/wp\/v2\/media?parent=1699"}],"curies":[{"name":"wp","href":"https:\/\/api.w.org\/{rel}","templated":true}]}}