{"id":1727,"date":"2018-07-29T17:47:29","date_gmt":"2018-07-29T14:47:29","guid":{"rendered":"http:\/\/istanbultiptanitim.istanbul.edu.tr\/?page_id=1727"},"modified":"2018-07-29T19:05:42","modified_gmt":"2018-07-29T16:05:42","slug":"spor-takimlari","status":"publish","type":"page","link":"https:\/\/istanbultiptanitim.istanbul.edu.tr\/index.php\/spor-takimlari\/","title":{"rendered":"Spor Tak\u0131mlar\u0131"},"content":{"rendered":"<h4><\/h4>\n<hr \/>\n<h4><a href=\"http:\/\/istanbultiptanitim.istanbul.edu.tr\/index.php\/istanbul-tip-fakultesi-erkek-basketbol-takimi\">\u0130TF Erkek Basketbol Tak\u0131m\u0131<\/a><img decoding=\"async\" loading=\"lazy\" class=\"wp-image-1678 size-thumbnail alignright\" src=\"http:\/\/istanbultiptanitim.istanbul.edu.tr\/wp-content\/uploads\/2018\/07\/17332852_222328138171826_6696192732764831744_n1-150x150.jpg\" alt=\"\" width=\"150\" height=\"150\" srcset=\"https:\/\/istanbultiptanitim.istanbul.edu.tr\/wp-content\/uploads\/2018\/07\/17332852_222328138171826_6696192732764831744_n1-150x150.jpg 150w, https:\/\/istanbultiptanitim.istanbul.edu.tr\/wp-content\/uploads\/2018\/07\/17332852_222328138171826_6696192732764831744_n1-300x300.jpg 300w, https:\/\/istanbultiptanitim.istanbul.edu.tr\/wp-content\/uploads\/2018\/07\/17332852_222328138171826_6696192732764831744_n1-768x768.jpg 768w, https:\/\/istanbultiptanitim.istanbul.edu.tr\/wp-content\/uploads\/2018\/07\/17332852_222328138171826_6696192732764831744_n1-830x830.jpg 830w, https:\/\/istanbultiptanitim.istanbul.edu.tr\/wp-content\/uploads\/2018\/07\/17332852_222328138171826_6696192732764831744_n1-230x230.jpg 230w, https:\/\/istanbultiptanitim.istanbul.edu.tr\/wp-content\/uploads\/2018\/07\/17332852_222328138171826_6696192732764831744_n1-350x350.jpg 350w, https:\/\/istanbultiptanitim.istanbul.edu.tr\/wp-content\/uploads\/2018\/07\/17332852_222328138171826_6696192732764831744_n1-480x480.jpg 480w, https:\/\/istanbultiptanitim.istanbul.edu.tr\/wp-content\/uploads\/2018\/07\/17332852_222328138171826_6696192732764831744_n1.jpg 1024w\" sizes=\"(max-width: 150px) 100vw, 150px\" \/><\/h4>\n<p>&nbsp;<\/p>\n<p>&nbsp;<\/p>\n<hr \/>\n<h4><a href=\"http:\/\/istanbultiptanitim.istanbul.edu.tr\/index.php\/istanbul-tip-fakultesi-kadin-basketbol-takimi\">\u0130TF Kad\u0131n Basketbol Tak\u0131m\u0131<\/a><img decoding=\"async\" loading=\"lazy\" class=\"wp-image-1688 size-thumbnail alignright\" src=\"http:\/\/istanbultiptanitim.istanbul.edu.tr\/wp-content\/uploads\/2018\/07\/17077615_1878908969059978_4424624851063406592_n-150x150.jpg\" alt=\"\" width=\"150\" height=\"150\" srcset=\"https:\/\/istanbultiptanitim.istanbul.edu.tr\/wp-content\/uploads\/2018\/07\/17077615_1878908969059978_4424624851063406592_n-150x150.jpg 150w, https:\/\/istanbultiptanitim.istanbul.edu.tr\/wp-content\/uploads\/2018\/07\/17077615_1878908969059978_4424624851063406592_n-300x300.jpg 300w, https:\/\/istanbultiptanitim.istanbul.edu.tr\/wp-content\/uploads\/2018\/07\/17077615_1878908969059978_4424624851063406592_n-230x230.jpg 230w, https:\/\/istanbultiptanitim.istanbul.edu.tr\/wp-content\/uploads\/2018\/07\/17077615_1878908969059978_4424624851063406592_n-350x350.jpg 350w, https:\/\/istanbultiptanitim.istanbul.edu.tr\/wp-content\/uploads\/2018\/07\/17077615_1878908969059978_4424624851063406592_n-480x480.jpg 480w, https:\/\/istanbultiptanitim.istanbul.edu.tr\/wp-content\/uploads\/2018\/07\/17077615_1878908969059978_4424624851063406592_n.jpg 640w\" sizes=\"(max-width: 150px) 100vw, 150px\" \/><\/h4>\n<p>&nbsp;<\/p>\n<p>&nbsp;<\/p>\n<hr \/>\n<h4><a href=\"http:\/\/istanbultiptanitim.istanbul.edu.tr\/index.php\/istanbul-tip-fakultesi-kadin-voleybol-takimi\">\u0130TF Kad\u0131n Voleybol Tak\u0131m\u0131<\/a><img decoding=\"async\" loading=\"lazy\" class=\"wp-image-1696 size-thumbnail alignright\" src=\"http:\/\/istanbultiptanitim.istanbul.edu.tr\/wp-content\/uploads\/2018\/07\/ee8e81_4f9c8e235d5c40dab23bc1a9d747741cmv2-150x150.jpg\" alt=\"\" width=\"150\" height=\"150\" srcset=\"https:\/\/istanbultiptanitim.istanbul.edu.tr\/wp-content\/uploads\/2018\/07\/ee8e81_4f9c8e235d5c40dab23bc1a9d747741cmv2-150x150.jpg 150w, https:\/\/istanbultiptanitim.istanbul.edu.tr\/wp-content\/uploads\/2018\/07\/ee8e81_4f9c8e235d5c40dab23bc1a9d747741cmv2-300x300.jpg 300w, https:\/\/istanbultiptanitim.istanbul.edu.tr\/wp-content\/uploads\/2018\/07\/ee8e81_4f9c8e235d5c40dab23bc1a9d747741cmv2-230x230.jpg 230w, https:\/\/istanbultiptanitim.istanbul.edu.tr\/wp-content\/uploads\/2018\/07\/ee8e81_4f9c8e235d5c40dab23bc1a9d747741cmv2-350x350.jpg 350w, https:\/\/istanbultiptanitim.istanbul.edu.tr\/wp-content\/uploads\/2018\/07\/ee8e81_4f9c8e235d5c40dab23bc1a9d747741cmv2-480x480.jpg 480w, https:\/\/istanbultiptanitim.istanbul.edu.tr\/wp-content\/uploads\/2018\/07\/ee8e81_4f9c8e235d5c40dab23bc1a9d747741cmv2.jpg 484w\" sizes=\"(max-width: 150px) 100vw, 150px\" \/><\/h4>\n<p>&nbsp;<\/p>\n<p>&nbsp;<\/p>\n<hr \/>\n<h4>\u00a0<a href=\"http:\/\/istanbultiptanitim.istanbul.edu.tr\/index.php\/istanbul-tip-fakultesi-erkek-voleybol-takimi\">\u0130TF Erkek Voleybol Tak\u0131m\u0131<\/a><img decoding=\"async\" loading=\"lazy\" class=\"wp-image-1707 size-thumbnail alignright\" src=\"http:\/\/istanbultiptanitim.istanbul.edu.tr\/wp-content\/uploads\/2018\/07\/ee8e81_7c2676bb1a9b4dd5b4b81bc2f70c9aecmv2-150x150.jpg\" alt=\"\" width=\"150\" height=\"150\" srcset=\"https:\/\/istanbultiptanitim.istanbul.edu.tr\/wp-content\/uploads\/2018\/07\/ee8e81_7c2676bb1a9b4dd5b4b81bc2f70c9aecmv2-150x150.jpg 150w, https:\/\/istanbultiptanitim.istanbul.edu.tr\/wp-content\/uploads\/2018\/07\/ee8e81_7c2676bb1a9b4dd5b4b81bc2f70c9aecmv2-300x300.jpg 300w, https:\/\/istanbultiptanitim.istanbul.edu.tr\/wp-content\/uploads\/2018\/07\/ee8e81_7c2676bb1a9b4dd5b4b81bc2f70c9aecmv2-230x230.jpg 230w, https:\/\/istanbultiptanitim.istanbul.edu.tr\/wp-content\/uploads\/2018\/07\/ee8e81_7c2676bb1a9b4dd5b4b81bc2f70c9aecmv2-350x350.jpg 350w, https:\/\/istanbultiptanitim.istanbul.edu.tr\/wp-content\/uploads\/2018\/07\/ee8e81_7c2676bb1a9b4dd5b4b81bc2f70c9aecmv2-480x480.jpg 480w, https:\/\/istanbultiptanitim.istanbul.edu.tr\/wp-content\/uploads\/2018\/07\/ee8e81_7c2676bb1a9b4dd5b4b81bc2f70c9aecmv2.jpg 484w\" sizes=\"(max-width: 150px) 100vw, 150px\" \/><\/h4>\n<p>&nbsp;<\/p>\n<p>&nbsp;<\/p>\n<hr \/>\n<h4><a href=\"http:\/\/istanbultiptanitim.istanbul.edu.tr\/index.php\/istanbul-tip-fakultesi-erkek-futbol-takimi\">\u0130TF Erkek Futbol Tak\u0131m\u0131<\/a>\u00a0<img decoding=\"async\" loading=\"lazy\" class=\"wp-image-1715 size-thumbnail alignright\" src=\"http:\/\/istanbultiptanitim.istanbul.edu.tr\/wp-content\/uploads\/2018\/07\/12783978_194405820929254_1582104887_n-150x150.jpg\" alt=\"\" width=\"150\" height=\"150\" srcset=\"https:\/\/istanbultiptanitim.istanbul.edu.tr\/wp-content\/uploads\/2018\/07\/12783978_194405820929254_1582104887_n-150x150.jpg 150w, https:\/\/istanbultiptanitim.istanbul.edu.tr\/wp-content\/uploads\/2018\/07\/12783978_194405820929254_1582104887_n-300x300.jpg 300w, https:\/\/istanbultiptanitim.istanbul.edu.tr\/wp-content\/uploads\/2018\/07\/12783978_194405820929254_1582104887_n-230x230.jpg 230w, https:\/\/istanbultiptanitim.istanbul.edu.tr\/wp-content\/uploads\/2018\/07\/12783978_194405820929254_1582104887_n-350x350.jpg 350w, https:\/\/istanbultiptanitim.istanbul.edu.tr\/wp-content\/uploads\/2018\/07\/12783978_194405820929254_1582104887_n-480x480.jpg 480w, https:\/\/istanbultiptanitim.istanbul.edu.tr\/wp-content\/uploads\/2018\/07\/12783978_194405820929254_1582104887_n.jpg 640w\" sizes=\"(max-width: 150px) 100vw, 150px\" \/><\/h4>\n<p>&nbsp;<\/p>\n<p>&nbsp;<\/p>\n<hr \/>\n<h4><a href=\"http:\/\/istanbultiptanitim.istanbul.edu.tr\/index.php\/istanbul-tip-fakultesi-bric-takimi\">\u0130TF Bri\u00e7 Tak\u0131m\u0131<\/a><img decoding=\"async\" loading=\"lazy\" class=\"alignright wp-image-1778 size-thumbnail\" src=\"http:\/\/istanbultiptanitim.istanbul.edu.tr\/wp-content\/uploads\/2018\/07\/17493848_413491869011865_2460489165041565696_n1-150x150.jpg\" alt=\"\" width=\"150\" height=\"150\" srcset=\"https:\/\/istanbultiptanitim.istanbul.edu.tr\/wp-content\/uploads\/2018\/07\/17493848_413491869011865_2460489165041565696_n1-150x150.jpg 150w, https:\/\/istanbultiptanitim.istanbul.edu.tr\/wp-content\/uploads\/2018\/07\/17493848_413491869011865_2460489165041565696_n1-300x300.jpg 300w, https:\/\/istanbultiptanitim.istanbul.edu.tr\/wp-content\/uploads\/2018\/07\/17493848_413491869011865_2460489165041565696_n1-768x768.jpg 768w, https:\/\/istanbultiptanitim.istanbul.edu.tr\/wp-content\/uploads\/2018\/07\/17493848_413491869011865_2460489165041565696_n1-1024x1024.jpg 1024w, https:\/\/istanbultiptanitim.istanbul.edu.tr\/wp-content\/uploads\/2018\/07\/17493848_413491869011865_2460489165041565696_n1-830x830.jpg 830w, https:\/\/istanbultiptanitim.istanbul.edu.tr\/wp-content\/uploads\/2018\/07\/17493848_413491869011865_2460489165041565696_n1-230x230.jpg 230w, https:\/\/istanbultiptanitim.istanbul.edu.tr\/wp-content\/uploads\/2018\/07\/17493848_413491869011865_2460489165041565696_n1-350x350.jpg 350w, https:\/\/istanbultiptanitim.istanbul.edu.tr\/wp-content\/uploads\/2018\/07\/17493848_413491869011865_2460489165041565696_n1-480x480.jpg 480w, https:\/\/istanbultiptanitim.istanbul.edu.tr\/wp-content\/uploads\/2018\/07\/17493848_413491869011865_2460489165041565696_n1.jpg 1080w\" sizes=\"(max-width: 150px) 100vw, 150px\" \/><\/h4>\n<p>&nbsp;<\/p>\n<p>&nbsp;<\/p>\n<hr \/>\n<p>&nbsp;<\/p>\n<p>&nbsp;<\/p>\n<p>&nbsp;<\/p>\n","protected":false},"excerpt":{"rendered":"<p>\u0130TF Erkek Basketbol Tak\u0131m\u0131 &nbsp; &nbsp; \u0130TF Kad\u0131n Basketbol Tak\u0131m\u0131 &nbsp; &nbsp; [&hellip;]<\/p>\n","protected":false},"author":3,"featured_media":0,"parent":0,"menu_order":0,"comment_status":"closed","ping_status":"closed","template":"","meta":{"sfsi_plus_gutenberg_text_before_share":"","sfsi_plus_gutenberg_show_text_before_share":"","sfsi_plus_gutenberg_icon_type":"","sfsi_plus_gutenberg_icon_alignemt":"","sfsi_plus_gutenburg_max_per_row":""},"_links":{"self":[{"href":"https:\/\/istanbultiptanitim.istanbul.edu.tr\/index.php\/wp-json\/wp\/v2\/pages\/1727"}],"collection":[{"href":"https:\/\/istanbultiptanitim.istanbul.edu.tr\/index.php\/wp-json\/wp\/v2\/pages"}],"about":[{"href":"https:\/\/istanbultiptanitim.istanbul.edu.tr\/index.php\/wp-json\/wp\/v2\/types\/page"}],"author":[{"embeddable":true,"href":"https:\/\/istanbultiptanitim.istanbul.edu.tr\/index.php\/wp-json\/wp\/v2\/users\/3"}],"replies":[{"embeddable":true,"href":"https:\/\/istanbultiptanitim.istanbul.edu.tr\/index.php\/wp-json\/wp\/v2\/comments?post=1727"}],"version-history":[{"count":9,"href":"https:\/\/istanbultiptanitim.istanbul.edu.tr\/index.php\/wp-json\/wp\/v2\/pages\/1727\/revisions"}],"predecessor-version":[{"id":1783,"href":"https:\/\/istanbultiptanitim.istanbul.edu.tr\/index.php\/wp-json\/wp\/v2\/pages\/1727\/revisions\/1783"}],"wp:attachment":[{"href":"https:\/\/istanbultiptanitim.istanbul.edu.tr\/index.php\/wp-json\/wp\/v2\/media?parent=1727"}],"curies":[{"name":"wp","href":"https:\/\/api.w.org\/{rel}","templated":true}]}}