{"id":1852,"date":"2018-07-31T00:21:30","date_gmt":"2018-07-30T21:21:30","guid":{"rendered":"http:\/\/istanbultiptanitim.istanbul.edu.tr\/?page_id=1852"},"modified":"2018-07-31T01:28:49","modified_gmt":"2018-07-30T22:28:49","slug":"resim-ve-heykel-kulubu","status":"publish","type":"page","link":"https:\/\/istanbultiptanitim.istanbul.edu.tr\/index.php\/resim-ve-heykel-kulubu\/","title":{"rendered":"Resim ve Heykel Kul\u00fcb\u00fc"},"content":{"rendered":"<p><img decoding=\"async\" loading=\"lazy\" class=\"alignnone wp-image-1941 size-full\" src=\"http:\/\/istanbultiptanitim.istanbul.edu.tr\/wp-content\/uploads\/2018\/07\/IMG-20180503-WA0060.jpg\" alt=\"\" width=\"1600\" height=\"1200\" srcset=\"https:\/\/istanbultiptanitim.istanbul.edu.tr\/wp-content\/uploads\/2018\/07\/IMG-20180503-WA0060.jpg 1600w, https:\/\/istanbultiptanitim.istanbul.edu.tr\/wp-content\/uploads\/2018\/07\/IMG-20180503-WA0060-300x225.jpg 300w, https:\/\/istanbultiptanitim.istanbul.edu.tr\/wp-content\/uploads\/2018\/07\/IMG-20180503-WA0060-768x576.jpg 768w, https:\/\/istanbultiptanitim.istanbul.edu.tr\/wp-content\/uploads\/2018\/07\/IMG-20180503-WA0060-1024x768.jpg 1024w, https:\/\/istanbultiptanitim.istanbul.edu.tr\/wp-content\/uploads\/2018\/07\/IMG-20180503-WA0060-830x623.jpg 830w, https:\/\/istanbultiptanitim.istanbul.edu.tr\/wp-content\/uploads\/2018\/07\/IMG-20180503-WA0060-230x173.jpg 230w, https:\/\/istanbultiptanitim.istanbul.edu.tr\/wp-content\/uploads\/2018\/07\/IMG-20180503-WA0060-350x263.jpg 350w, https:\/\/istanbultiptanitim.istanbul.edu.tr\/wp-content\/uploads\/2018\/07\/IMG-20180503-WA0060-480x360.jpg 480w\" sizes=\"(max-width: 1600px) 100vw, 1600px\" \/><\/p>\n<p>\u0130stanbul T\u0131p Fak\u00fcltesi Resim ve Heykel Kul\u00fcb\u00fc, 1974 y\u0131l\u0131nda kurulmu\u015f olup fak\u00fcltemizin k\u00f6kl\u00fc kul\u00fcplerinden biridir. Yaln\u0131zca resim de\u011fil; heykelden vitraya g\u00f6rsel sanatlar\u0131n \u00e7e\u015fitli dallar\u0131nda \u00e7al\u0131\u015fma yapmak isteyen pek \u00e7ok \u00f6\u011frenciye 1974\u2019ten bu yana at\u00f6lye imkan\u0131 sunar. At\u00f6lyenin temizli\u011finden, sergi haz\u0131rl\u0131\u011f\u0131na kadar kul\u00fcple ilgili t\u00fcm \u00e7al\u0131\u015fmalar kolektif olarak y\u00fcr\u00fct\u00fcl\u00fcr. Sene boyunca, her hafta d\u00fczenli olarak ger\u00e7ekle\u015ftirdi\u011fimiz karakalem ve ya\u011fl\u0131boya dersleri, birlikte \u00f6\u011frendi\u011fimiz, geli\u015fti\u011fimiz ve \u00fcretti\u011fimiz harika zamanlard\u0131r. May\u0131s ay\u0131n\u0131n 2.haftas\u0131nda gelenekselle\u015fmi\u015f sene sonu sergimizde, t\u00fcm y\u0131l boyunca ortaya \u00e7\u0131kard\u0131\u011f\u0131m\u0131z bu \u2018eserler\u2019 sergilenir. Bir haftan\u0131n sonunda, sergi yeme\u011fi -son y\u0131llarda sergi iftar\u0131- ile seneyi hep birlikte e\u011flenerek kapat\u0131r\u0131z.<\/p>\n<p>Kul\u00fcb\u00fcn omurgas\u0131n\u0131 olu\u015fturan sergimiz d\u0131\u015f\u0131nda, heykel at\u00f6lyesi, bez \u00e7anta boyama at\u00f6lyesi gibi \u00e7e\u015fitli workshoplar, m\u00fcze ve sergi gezilerimiz, birlikte yenen ak\u015fam yemeklerimiz y\u0131l boyu yapt\u0131\u011f\u0131m\u0131z t\u00fcm etkinliklerden yaln\u0131zca baz\u0131lar\u0131. Kul\u00fcb\u00fcm\u00fcz, g\u00f6rsel sanatlara, \u00f6zellikle resme ilgi duyan, resim yapmaya ba\u015flamak, ya da sanatsal ve k\u00fclt\u00fcrel etkinlikler i\u00e7inde yer almak isteyen \u00f6\u011frencilerden olu\u015fan kalabal\u0131k bir aile.<\/p>\n<p><strong>Sosyal medya hesaplar\u0131m\u0131z\u0131 inceleyebilirsiniz.<\/strong><\/p>\n<p>&nbsp;<\/p>\n<p><em><strong>Faaliyetlerimizi g\u00f6rmek i\u00e7in: <\/strong><\/em><\/p>\n<ul>\n<li><a href=\"http:\/\/www.instagram.com\/itfresimkulubu\">Instagram<\/a><\/li>\n<\/ul>\n<p><em><strong> Sanal sergimizdeki \u00e7al\u0131\u015fmalar\u0131m\u0131z\u0131 g\u00f6rmek i\u00e7in : <\/strong><\/em><\/p>\n<ul>\n<li><a href=\"http:\/\/www.facebook.com\/groups\/149148451936816\/\">Facebook-Sanal Sergi<\/a><\/li>\n<\/ul>\n<p>&nbsp;<\/p>\n<div id='gallery-1' class='gallery galleryid-1852 gallery-columns-4 gallery-size-thumbnail'><figure class='gallery-item'>\n\t\t\t<div class='gallery-icon landscape'>\n\t\t\t\t<a href='https:\/\/istanbultiptanitim.istanbul.edu.tr\/index.php\/resim-ve-heykel-kulubu\/20180305_171134\/'><img width=\"150\" height=\"150\" src=\"https:\/\/istanbultiptanitim.istanbul.edu.tr\/wp-content\/uploads\/2018\/07\/20180305_171134-e1532989470365-150x150.jpg\" class=\"attachment-thumbnail size-thumbnail\" alt=\"\" decoding=\"async\" loading=\"lazy\" \/><\/a>\n\t\t\t<\/div><\/figure><figure class='gallery-item'>\n\t\t\t<div class='gallery-icon landscape'>\n\t\t\t\t<a href='https:\/\/istanbultiptanitim.istanbul.edu.tr\/index.php\/resim-ve-heykel-kulubu\/20180305_171215\/'><img width=\"150\" height=\"150\" src=\"https:\/\/istanbultiptanitim.istanbul.edu.tr\/wp-content\/uploads\/2018\/07\/20180305_171215-e1532989447551-150x150.jpg\" class=\"attachment-thumbnail size-thumbnail\" alt=\"\" decoding=\"async\" loading=\"lazy\" \/><\/a>\n\t\t\t<\/div><\/figure><figure class='gallery-item'>\n\t\t\t<div class='gallery-icon landscape'>\n\t\t\t\t<a href='https:\/\/istanbultiptanitim.istanbul.edu.tr\/index.php\/resim-ve-heykel-kulubu\/20180305_171221\/'><img width=\"150\" height=\"150\" src=\"https:\/\/istanbultiptanitim.istanbul.edu.tr\/wp-content\/uploads\/2018\/07\/20180305_171221-e1532989493282-150x150.jpg\" class=\"attachment-thumbnail size-thumbnail\" alt=\"\" decoding=\"async\" loading=\"lazy\" \/><\/a>\n\t\t\t<\/div><\/figure><figure class='gallery-item'>\n\t\t\t<div class='gallery-icon landscape'>\n\t\t\t\t<a href='https:\/\/istanbultiptanitim.istanbul.edu.tr\/index.php\/resim-ve-heykel-kulubu\/22904855_1951123718463499_1404778014478587016_o\/'><img width=\"150\" height=\"150\" src=\"https:\/\/istanbultiptanitim.istanbul.edu.tr\/wp-content\/uploads\/2018\/07\/22904855_1951123718463499_1404778014478587016_o-150x150.jpg\" class=\"attachment-thumbnail size-thumbnail\" alt=\"\" decoding=\"async\" loading=\"lazy\" \/><\/a>\n\t\t\t<\/div><\/figure><figure class='gallery-item'>\n\t\t\t<div class='gallery-icon landscape'>\n\t\t\t\t<a href='https:\/\/istanbultiptanitim.istanbul.edu.tr\/index.php\/resim-ve-heykel-kulubu\/23215402_1951125285130009_6721356649981358397_o\/'><img width=\"150\" height=\"150\" src=\"https:\/\/istanbultiptanitim.istanbul.edu.tr\/wp-content\/uploads\/2018\/07\/23215402_1951125285130009_6721356649981358397_o-150x150.jpg\" class=\"attachment-thumbnail size-thumbnail\" alt=\"\" decoding=\"async\" loading=\"lazy\" \/><\/a>\n\t\t\t<\/div><\/figure><figure class='gallery-item'>\n\t\t\t<div class='gallery-icon landscape'>\n\t\t\t\t<a href='https:\/\/istanbultiptanitim.istanbul.edu.tr\/index.php\/resim-ve-heykel-kulubu\/img-20180215-wa0004\/'><img width=\"150\" height=\"150\" src=\"https:\/\/istanbultiptanitim.istanbul.edu.tr\/wp-content\/uploads\/2018\/07\/IMG-20180215-WA0004-150x150.jpg\" class=\"attachment-thumbnail size-thumbnail\" alt=\"\" decoding=\"async\" loading=\"lazy\" \/><\/a>\n\t\t\t<\/div><\/figure><figure class='gallery-item'>\n\t\t\t<div class='gallery-icon portrait'>\n\t\t\t\t<a href='https:\/\/istanbultiptanitim.istanbul.edu.tr\/index.php\/resim-ve-heykel-kulubu\/img-20180215-wa0007\/'><img width=\"150\" height=\"150\" src=\"https:\/\/istanbultiptanitim.istanbul.edu.tr\/wp-content\/uploads\/2018\/07\/IMG-20180215-WA0007-150x150.jpg\" class=\"attachment-thumbnail size-thumbnail\" alt=\"\" decoding=\"async\" loading=\"lazy\" \/><\/a>\n\t\t\t<\/div><\/figure><figure class='gallery-item'>\n\t\t\t<div class='gallery-icon landscape'>\n\t\t\t\t<a href='https:\/\/istanbultiptanitim.istanbul.edu.tr\/index.php\/resim-ve-heykel-kulubu\/img-20180215-wa0008\/'><img width=\"150\" height=\"150\" src=\"https:\/\/istanbultiptanitim.istanbul.edu.tr\/wp-content\/uploads\/2018\/07\/IMG-20180215-WA0008-150x150.jpg\" class=\"attachment-thumbnail size-thumbnail\" alt=\"\" decoding=\"async\" loading=\"lazy\" \/><\/a>\n\t\t\t<\/div><\/figure><figure class='gallery-item'>\n\t\t\t<div class='gallery-icon landscape'>\n\t\t\t\t<a href='https:\/\/istanbultiptanitim.istanbul.edu.tr\/index.php\/resim-ve-heykel-kulubu\/img-20180215-wa0009\/'><img width=\"150\" height=\"150\" src=\"https:\/\/istanbultiptanitim.istanbul.edu.tr\/wp-content\/uploads\/2018\/07\/IMG-20180215-WA0009-150x150.jpg\" class=\"attachment-thumbnail size-thumbnail\" alt=\"\" decoding=\"async\" loading=\"lazy\" \/><\/a>\n\t\t\t<\/div><\/figure><figure class='gallery-item'>\n\t\t\t<div class='gallery-icon portrait'>\n\t\t\t\t<a href='https:\/\/istanbultiptanitim.istanbul.edu.tr\/index.php\/resim-ve-heykel-kulubu\/img-20180215-wa0012\/'><img width=\"150\" height=\"150\" src=\"https:\/\/istanbultiptanitim.istanbul.edu.tr\/wp-content\/uploads\/2018\/07\/IMG-20180215-WA0012-150x150.jpg\" class=\"attachment-thumbnail size-thumbnail\" alt=\"\" decoding=\"async\" loading=\"lazy\" \/><\/a>\n\t\t\t<\/div><\/figure><figure class='gallery-item'>\n\t\t\t<div class='gallery-icon landscape'>\n\t\t\t\t<a href='https:\/\/istanbultiptanitim.istanbul.edu.tr\/index.php\/resim-ve-heykel-kulubu\/img-20180215-wa0015\/'><img width=\"150\" height=\"150\" src=\"https:\/\/istanbultiptanitim.istanbul.edu.tr\/wp-content\/uploads\/2018\/07\/IMG-20180215-WA0015-150x150.jpg\" class=\"attachment-thumbnail size-thumbnail\" alt=\"\" decoding=\"async\" loading=\"lazy\" \/><\/a>\n\t\t\t<\/div><\/figure><figure class='gallery-item'>\n\t\t\t<div class='gallery-icon portrait'>\n\t\t\t\t<a href='https:\/\/istanbultiptanitim.istanbul.edu.tr\/index.php\/resim-ve-heykel-kulubu\/img-20180215-wa0017\/'><img width=\"150\" height=\"150\" src=\"https:\/\/istanbultiptanitim.istanbul.edu.tr\/wp-content\/uploads\/2018\/07\/IMG-20180215-WA0017-150x150.jpg\" class=\"attachment-thumbnail size-thumbnail\" alt=\"\" decoding=\"async\" loading=\"lazy\" \/><\/a>\n\t\t\t<\/div><\/figure><figure class='gallery-item'>\n\t\t\t<div class='gallery-icon portrait'>\n\t\t\t\t<a href='https:\/\/istanbultiptanitim.istanbul.edu.tr\/index.php\/resim-ve-heykel-kulubu\/img-20180227-wa0030\/'><img width=\"150\" height=\"150\" src=\"https:\/\/istanbultiptanitim.istanbul.edu.tr\/wp-content\/uploads\/2018\/07\/IMG-20180227-WA0030-150x150.jpg\" class=\"attachment-thumbnail size-thumbnail\" alt=\"\" decoding=\"async\" loading=\"lazy\" \/><\/a>\n\t\t\t<\/div><\/figure><figure class='gallery-item'>\n\t\t\t<div class='gallery-icon portrait'>\n\t\t\t\t<a href='https:\/\/istanbultiptanitim.istanbul.edu.tr\/index.php\/resim-ve-heykel-kulubu\/img-20180314-wa0013\/'><img width=\"150\" height=\"150\" src=\"https:\/\/istanbultiptanitim.istanbul.edu.tr\/wp-content\/uploads\/2018\/07\/IMG-20180314-WA0013-150x150.jpg\" class=\"attachment-thumbnail size-thumbnail\" alt=\"\" decoding=\"async\" loading=\"lazy\" \/><\/a>\n\t\t\t<\/div><\/figure><figure class='gallery-item'>\n\t\t\t<div class='gallery-icon landscape'>\n\t\t\t\t<a href='https:\/\/istanbultiptanitim.istanbul.edu.tr\/index.php\/resim-ve-heykel-kulubu\/img-20180503-wa0058\/'><img width=\"150\" height=\"150\" src=\"https:\/\/istanbultiptanitim.istanbul.edu.tr\/wp-content\/uploads\/2018\/07\/IMG-20180503-WA0058-150x150.jpg\" class=\"attachment-thumbnail size-thumbnail\" alt=\"\" decoding=\"async\" loading=\"lazy\" \/><\/a>\n\t\t\t<\/div><\/figure><figure class='gallery-item'>\n\t\t\t<div class='gallery-icon landscape'>\n\t\t\t\t<a href='https:\/\/istanbultiptanitim.istanbul.edu.tr\/index.php\/resim-ve-heykel-kulubu\/img-20180503-wa0060\/'><img width=\"150\" height=\"150\" src=\"https:\/\/istanbultiptanitim.istanbul.edu.tr\/wp-content\/uploads\/2018\/07\/IMG-20180503-WA0060-150x150.jpg\" class=\"attachment-thumbnail size-thumbnail\" alt=\"\" decoding=\"async\" loading=\"lazy\" \/><\/a>\n\t\t\t<\/div><\/figure><figure class='gallery-item'>\n\t\t\t<div class='gallery-icon landscape'>\n\t\t\t\t<a href='https:\/\/istanbultiptanitim.istanbul.edu.tr\/index.php\/resim-ve-heykel-kulubu\/img-20180504-wa0021\/'><img width=\"150\" height=\"150\" src=\"https:\/\/istanbultiptanitim.istanbul.edu.tr\/wp-content\/uploads\/2018\/07\/IMG-20180504-WA0021-150x150.jpg\" class=\"attachment-thumbnail size-thumbnail\" alt=\"\" decoding=\"async\" loading=\"lazy\" \/><\/a>\n\t\t\t<\/div><\/figure><figure class='gallery-item'>\n\t\t\t<div class='gallery-icon portrait'>\n\t\t\t\t<a href='https:\/\/istanbultiptanitim.istanbul.edu.tr\/index.php\/resim-ve-heykel-kulubu\/img-20180507-wa0054\/'><img width=\"150\" height=\"150\" src=\"https:\/\/istanbultiptanitim.istanbul.edu.tr\/wp-content\/uploads\/2018\/07\/IMG-20180507-WA0054-150x150.jpg\" class=\"attachment-thumbnail size-thumbnail\" alt=\"\" decoding=\"async\" loading=\"lazy\" \/><\/a>\n\t\t\t<\/div><\/figure><figure class='gallery-item'>\n\t\t\t<div class='gallery-icon portrait'>\n\t\t\t\t<a href='https:\/\/istanbultiptanitim.istanbul.edu.tr\/index.php\/resim-ve-heykel-kulubu\/img-20180507-wa0056\/'><img width=\"150\" height=\"150\" src=\"https:\/\/istanbultiptanitim.istanbul.edu.tr\/wp-content\/uploads\/2018\/07\/IMG-20180507-WA0056-150x150.jpg\" class=\"attachment-thumbnail size-thumbnail\" alt=\"\" decoding=\"async\" loading=\"lazy\" \/><\/a>\n\t\t\t<\/div><\/figure><figure class='gallery-item'>\n\t\t\t<div class='gallery-icon landscape'>\n\t\t\t\t<a href='https:\/\/istanbultiptanitim.istanbul.edu.tr\/index.php\/resim-ve-heykel-kulubu\/img-20180510-wa0021\/'><img width=\"150\" height=\"150\" src=\"https:\/\/istanbultiptanitim.istanbul.edu.tr\/wp-content\/uploads\/2018\/07\/IMG-20180510-WA0021-e1532989528549-150x150.jpg\" class=\"attachment-thumbnail size-thumbnail\" alt=\"\" decoding=\"async\" loading=\"lazy\" \/><\/a>\n\t\t\t<\/div><\/figure><figure class='gallery-item'>\n\t\t\t<div class='gallery-icon landscape'>\n\t\t\t\t<a href='https:\/\/istanbultiptanitim.istanbul.edu.tr\/index.php\/resim-ve-heykel-kulubu\/img-20180517-wa0014\/'><img width=\"150\" height=\"150\" src=\"https:\/\/istanbultiptanitim.istanbul.edu.tr\/wp-content\/uploads\/2018\/07\/IMG-20180517-WA0014-150x150.jpg\" class=\"attachment-thumbnail size-thumbnail\" alt=\"\" decoding=\"async\" loading=\"lazy\" \/><\/a>\n\t\t\t<\/div><\/figure>\n\t\t<\/div>\n\n<p>&nbsp;<\/p>\n","protected":false},"excerpt":{"rendered":"<p>\u0130stanbul T\u0131p Fak\u00fcltesi Resim ve Heykel Kul\u00fcb\u00fc, 1974 y\u0131l\u0131nda kurulmu\u015f olup fak\u00fcltemizin [&hellip;]<\/p>\n","protected":false},"author":3,"featured_media":0,"parent":0,"menu_order":0,"comment_status":"closed","ping_status":"closed","template":"","meta":{"sfsi_plus_gutenberg_text_before_share":"","sfsi_plus_gutenberg_show_text_before_share":"","sfsi_plus_gutenberg_icon_type":"","sfsi_plus_gutenberg_icon_alignemt":"","sfsi_plus_gutenburg_max_per_row":""},"_links":{"self":[{"href":"https:\/\/istanbultiptanitim.istanbul.edu.tr\/index.php\/wp-json\/wp\/v2\/pages\/1852"}],"collection":[{"href":"https:\/\/istanbultiptanitim.istanbul.edu.tr\/index.php\/wp-json\/wp\/v2\/pages"}],"about":[{"href":"https:\/\/istanbultiptanitim.istanbul.edu.tr\/index.php\/wp-json\/wp\/v2\/types\/page"}],"author":[{"embeddable":true,"href":"https:\/\/istanbultiptanitim.istanbul.edu.tr\/index.php\/wp-json\/wp\/v2\/users\/3"}],"replies":[{"embeddable":true,"href":"https:\/\/istanbultiptanitim.istanbul.edu.tr\/index.php\/wp-json\/wp\/v2\/comments?post=1852"}],"version-history":[{"count":4,"href":"https:\/\/istanbultiptanitim.istanbul.edu.tr\/index.php\/wp-json\/wp\/v2\/pages\/1852\/revisions"}],"predecessor-version":[{"id":1948,"href":"https:\/\/istanbultiptanitim.istanbul.edu.tr\/index.php\/wp-json\/wp\/v2\/pages\/1852\/revisions\/1948"}],"wp:attachment":[{"href":"https:\/\/istanbultiptanitim.istanbul.edu.tr\/index.php\/wp-json\/wp\/v2\/media?parent=1852"}],"curies":[{"name":"wp","href":"https:\/\/api.w.org\/{rel}","templated":true}]}}