{"id":194,"date":"2018-05-10T20:35:37","date_gmt":"2018-05-10T17:35:37","guid":{"rendered":"http:\/\/istanbultiptanitim.istanbul.edu.tr\/?page_id=194"},"modified":"2018-05-12T18:41:53","modified_gmt":"2018-05-12T15:41:53","slug":"ulasim","status":"publish","type":"page","link":"https:\/\/istanbultiptanitim.istanbul.edu.tr\/index.php\/ulasim\/","title":{"rendered":"Ula\u015f\u0131m"},"content":{"rendered":"<h3 id=\"h.p_Nk6Cnvh7K66c\" class=\"zfr3Q JYVBee\"><strong><img decoding=\"async\" loading=\"lazy\" class=\" wp-image-147 aligncenter\" src=\"http:\/\/istanbultiptanitim.istanbul.edu.tr\/wp-content\/uploads\/2018\/05\/budapest-2253434_1920-300x225.jpg\" alt=\"\" width=\"801\" height=\"601\" srcset=\"https:\/\/istanbultiptanitim.istanbul.edu.tr\/wp-content\/uploads\/2018\/05\/budapest-2253434_1920-300x225.jpg 300w, https:\/\/istanbultiptanitim.istanbul.edu.tr\/wp-content\/uploads\/2018\/05\/budapest-2253434_1920-768x576.jpg 768w, https:\/\/istanbultiptanitim.istanbul.edu.tr\/wp-content\/uploads\/2018\/05\/budapest-2253434_1920-1024x768.jpg 1024w, https:\/\/istanbultiptanitim.istanbul.edu.tr\/wp-content\/uploads\/2018\/05\/budapest-2253434_1920-830x623.jpg 830w, https:\/\/istanbultiptanitim.istanbul.edu.tr\/wp-content\/uploads\/2018\/05\/budapest-2253434_1920-230x173.jpg 230w, https:\/\/istanbultiptanitim.istanbul.edu.tr\/wp-content\/uploads\/2018\/05\/budapest-2253434_1920-350x263.jpg 350w, https:\/\/istanbultiptanitim.istanbul.edu.tr\/wp-content\/uploads\/2018\/05\/budapest-2253434_1920-480x360.jpg 480w, https:\/\/istanbultiptanitim.istanbul.edu.tr\/wp-content\/uploads\/2018\/05\/budapest-2253434_1920.jpg 1920w\" sizes=\"(max-width: 801px) 100vw, 801px\" \/><\/strong><\/h3>\n<h4><\/h4>\n<h4 class=\"zfr3Q JYVBee\"><strong>LOKASYON<\/strong><\/h4>\n<p><iframe loading=\"lazy\" style=\"border: 0;\" src=\"https:\/\/www.google.com\/maps\/embed?pb=!1m14!1m8!1m3!1d6020.83436625623!2d28.932622!3d41.016128!3m2!1i1024!2i768!4f13.1!3m3!1m2!1s0x40663e00788cb61b%3A0x2b19f985cce70940!2s%C4%B0stanbul+%C3%9Cniversitesi+%C4%B0stanbul+T%C4%B1p+Fak%C3%BCltesi+Hastanesi+Kan+Merkezi!5e0!3m2!1str!2str!4v1526037986770\" width=\"800\" height=\"450\" frameborder=\"0\" allowfullscreen=\"allowfullscreen\"><span data-mce-type=\"bookmark\" style=\"display: inline-block; width: 0px; overflow: hidden; line-height: 0;\" class=\"mce_SELRES_start\">\ufeff<\/span><\/iframe><\/p>\n<hr \/>\n<h4 class=\"zfr3Q JYVBee\"><strong>TOPLU TA\u015eIMA<\/strong><\/h4>\n<p class=\"zfr3Q JYVBee\"><strong>Tramvay<\/strong><\/p>\n<p class=\"zfr3Q JYVBee\">T1 Ba\u011fc\u0131lar-Kabata\u015f Tramvay Hatt\u0131: <span style=\"color: #590d21;\"><em><strong>\u00c7apa-\u015eehremini <\/strong><\/em><\/span>Tramvay Dura\u011f\u0131<\/p>\n<p><strong>Metro<\/strong><\/p>\n<p id=\"h.p_JXjQxDYwLhCQ\" class=\"zfr3Q JYVBee\">M1 Atat\u00fcrk Havaliman\u0131-Yenikap\u0131 Metro Hatt\u0131: <span style=\"color: #590d21;\"><em><strong>Emniyet-Fatih<\/strong><\/em><\/span> Metro \u0130stasyonu<\/p>\n<p><strong>Otob\u00fcs<\/strong><\/p>\n<p id=\"h.p_I1lhGzJMLtcJ\" class=\"zfr3Q JYVBee\"><span style=\"color: #590d21;\"><em><strong>Millet Caddesi<\/strong><\/em><\/span> \u00fczerinden ge\u00e7en t\u00fcm\u00a0 otob\u00fcslerle<\/p>\n<p class=\"zfr3Q JYVBee\"><em><strong>\u00a0 \u00a0 \u00a0 \u00a0 \u00a0 \u00a0 \u00a0 \u00a0 \u00a0 \u00a0 \u00a0 \u00a0 \u00a0 \u00a0 \u00a0 \u00a0 \u00a0 \u00a0 \u00a0 \u00a0 \u00a0 \u00a0 \u00a0 \u00a0 \u00a0 \u00a0 \u00a0 \u00a0 \u00a0 \u00a0 \u00a0 \u00a0 \u00a0 \u00a0 \u00a0 \u00a0 \u00a0 \u00a0 \u00a0 \u00a0 \u00a0 \u00a0 \u00a0 \u00a0 do\u011frudan ula\u015f\u0131l\u0131r.<\/strong><\/em><\/p>\n<p>&nbsp;<\/p>\n<p><a href=\"http:\/\/istanbultiptanitim.istanbul.edu.tr\/wp-content\/uploads\/2018\/05\/istanbul-rayli-sistemler-haritasi.png\"><img decoding=\"async\" loading=\"lazy\" class=\"alignnone wp-image-335\" src=\"http:\/\/istanbultiptanitim.istanbul.edu.tr\/wp-content\/uploads\/2018\/05\/istanbul-rayli-sistemler-haritasi-1024x726.png\" alt=\"\" width=\"791\" height=\"560\" srcset=\"https:\/\/istanbultiptanitim.istanbul.edu.tr\/wp-content\/uploads\/2018\/05\/istanbul-rayli-sistemler-haritasi-1024x726.png 1024w, https:\/\/istanbultiptanitim.istanbul.edu.tr\/wp-content\/uploads\/2018\/05\/istanbul-rayli-sistemler-haritasi-300x213.png 300w, https:\/\/istanbultiptanitim.istanbul.edu.tr\/wp-content\/uploads\/2018\/05\/istanbul-rayli-sistemler-haritasi-768x545.png 768w, https:\/\/istanbultiptanitim.istanbul.edu.tr\/wp-content\/uploads\/2018\/05\/istanbul-rayli-sistemler-haritasi-830x589.png 830w, https:\/\/istanbultiptanitim.istanbul.edu.tr\/wp-content\/uploads\/2018\/05\/istanbul-rayli-sistemler-haritasi-230x163.png 230w, https:\/\/istanbultiptanitim.istanbul.edu.tr\/wp-content\/uploads\/2018\/05\/istanbul-rayli-sistemler-haritasi-350x248.png 350w, https:\/\/istanbultiptanitim.istanbul.edu.tr\/wp-content\/uploads\/2018\/05\/istanbul-rayli-sistemler-haritasi-480x340.png 480w\" sizes=\"(max-width: 791px) 100vw, 791px\" \/><\/a><\/p>\n<p>&nbsp;<\/p>\n<p><a href=\"http:\/\/istanbultiptanitim.istanbul.edu.tr\/wp-content\/uploads\/2018\/05\/Yerle\u015fim-plan\u0131-A4-Montajl\u0131-748x1024.png\"><img decoding=\"async\" loading=\"lazy\" class=\"alignnone size-full wp-image-345\" src=\"http:\/\/istanbultiptanitim.istanbul.edu.tr\/wp-content\/uploads\/2018\/05\/Yerle\u015fim-plan\u0131-A4-Montajl\u0131-748x1024.png\" alt=\"\" width=\"748\" height=\"1024\" srcset=\"https:\/\/istanbultiptanitim.istanbul.edu.tr\/wp-content\/uploads\/2018\/05\/Yerle\u015fim-plan\u0131-A4-Montajl\u0131-748x1024.png 748w, https:\/\/istanbultiptanitim.istanbul.edu.tr\/wp-content\/uploads\/2018\/05\/Yerle\u015fim-plan\u0131-A4-Montajl\u0131-219x300.png 219w, https:\/\/istanbultiptanitim.istanbul.edu.tr\/wp-content\/uploads\/2018\/05\/Yerle\u015fim-plan\u0131-A4-Montajl\u0131-768x1052.png 768w, https:\/\/istanbultiptanitim.istanbul.edu.tr\/wp-content\/uploads\/2018\/05\/Yerle\u015fim-plan\u0131-A4-Montajl\u0131-830x1137.png 830w, https:\/\/istanbultiptanitim.istanbul.edu.tr\/wp-content\/uploads\/2018\/05\/Yerle\u015fim-plan\u0131-A4-Montajl\u0131-230x315.png 230w, https:\/\/istanbultiptanitim.istanbul.edu.tr\/wp-content\/uploads\/2018\/05\/Yerle\u015fim-plan\u0131-A4-Montajl\u0131-350x479.png 350w, https:\/\/istanbultiptanitim.istanbul.edu.tr\/wp-content\/uploads\/2018\/05\/Yerle\u015fim-plan\u0131-A4-Montajl\u0131-480x657.png 480w\" sizes=\"(max-width: 748px) 100vw, 748px\" \/><\/a><\/p>\n<hr \/>\n<h4 id=\"h.p_ovsQrxSdTFxn\" class=\"zfr3Q JYVBee\">*NASIL G\u0130DER\u0130M?<\/h4>\n<ul class=\"n8H08c UVNKR\">\n<li><a href=\"https:\/\/moovit.com\/?to=%C4%B0stanbul%20T%C4%B1p%20Fak%C3%BCltesi&amp;tll=41.016066_28.933301&amp;customerId=4908&amp;metroId=1563&amp;lang=tr\">Moovit<\/a><\/li>\n<li id=\"h.p_7vh8KYSeTNDi\" class=\"zfr3Q TYR86d\"><a href=\"https:\/\/www.trafi.com\/tr\/istanbul\/route-search\/Topkap%C4%B1%20Mahallesi-loc-goo_ChIJuVxKeje6yhQRTptdsfj5XSY\/Topkap%C4%B1%20Mahallesi-loc-goo_ChIJuVxKeje6yhQRTptdsfj5XSY\/now\">Trafi\u00a0<\/a><\/li>\n<li><a href=\"https:\/\/yandex.com.tr\/harita\/11508\/istanbul\/?ll=28.934187%2C41.017097&amp;z=16&amp;mode=search&amp;ol=biz&amp;oid=180124137717\">Yandex<\/a><\/li>\n<\/ul>\n<p id=\"h.p_iI8A4tgJwZZd\" class=\"zfr3Q\"><em><strong>*Alternatif uygulamalar\u0131 kullanarak da &#8220;Yol Tarifi&#8221; nizi alabilirsiniz.<\/strong><\/em><\/p>\n","protected":false},"excerpt":{"rendered":"<p>LOKASYON \ufeff TOPLU TA\u015eIMA Tramvay T1 Ba\u011fc\u0131lar-Kabata\u015f Tramvay Hatt\u0131: \u00c7apa-\u015eehremini Tramvay Dura\u011f\u0131 [&hellip;]<\/p>\n","protected":false},"author":3,"featured_media":0,"parent":0,"menu_order":0,"comment_status":"closed","ping_status":"closed","template":"","meta":{"sfsi_plus_gutenberg_text_before_share":"","sfsi_plus_gutenberg_show_text_before_share":"","sfsi_plus_gutenberg_icon_type":"","sfsi_plus_gutenberg_icon_alignemt":"","sfsi_plus_gutenburg_max_per_row":""},"_links":{"self":[{"href":"https:\/\/istanbultiptanitim.istanbul.edu.tr\/index.php\/wp-json\/wp\/v2\/pages\/194"}],"collection":[{"href":"https:\/\/istanbultiptanitim.istanbul.edu.tr\/index.php\/wp-json\/wp\/v2\/pages"}],"about":[{"href":"https:\/\/istanbultiptanitim.istanbul.edu.tr\/index.php\/wp-json\/wp\/v2\/types\/page"}],"author":[{"embeddable":true,"href":"https:\/\/istanbultiptanitim.istanbul.edu.tr\/index.php\/wp-json\/wp\/v2\/users\/3"}],"replies":[{"embeddable":true,"href":"https:\/\/istanbultiptanitim.istanbul.edu.tr\/index.php\/wp-json\/wp\/v2\/comments?post=194"}],"version-history":[{"count":19,"href":"https:\/\/istanbultiptanitim.istanbul.edu.tr\/index.php\/wp-json\/wp\/v2\/pages\/194\/revisions"}],"predecessor-version":[{"id":435,"href":"https:\/\/istanbultiptanitim.istanbul.edu.tr\/index.php\/wp-json\/wp\/v2\/pages\/194\/revisions\/435"}],"wp:attachment":[{"href":"https:\/\/istanbultiptanitim.istanbul.edu.tr\/index.php\/wp-json\/wp\/v2\/media?parent=194"}],"curies":[{"name":"wp","href":"https:\/\/api.w.org\/{rel}","templated":true}]}}