{"id":2002,"date":"2018-07-31T15:31:07","date_gmt":"2018-07-31T12:31:07","guid":{"rendered":"http:\/\/istanbultiptanitim.istanbul.edu.tr\/?page_id=2002"},"modified":"2018-08-01T22:07:17","modified_gmt":"2018-08-01T19:07:17","slug":"cocuk-ergen-ve-ruh-sagligi","status":"publish","type":"page","link":"https:\/\/istanbultiptanitim.istanbul.edu.tr\/index.php\/cocuk-ergen-ve-ruh-sagligi\/","title":{"rendered":"\u00c7OCUK ERGEN VE RUH SA\u011eLI\u011eI"},"content":{"rendered":"<p><span style=\"color: #800000;\"><strong>SAYFA YAPIM A\u015eAMASINDA<\/strong><\/span><\/p>\n","protected":false},"excerpt":{"rendered":"<p>SAYFA YAPIM A\u015eAMASINDA<\/p>\n","protected":false},"author":3,"featured_media":0,"parent":0,"menu_order":0,"comment_status":"closed","ping_status":"closed","template":"","meta":{"sfsi_plus_gutenberg_text_before_share":"","sfsi_plus_gutenberg_show_text_before_share":"","sfsi_plus_gutenberg_icon_type":"","sfsi_plus_gutenberg_icon_alignemt":"","sfsi_plus_gutenburg_max_per_row":""},"_links":{"self":[{"href":"https:\/\/istanbultiptanitim.istanbul.edu.tr\/index.php\/wp-json\/wp\/v2\/pages\/2002"}],"collection":[{"href":"https:\/\/istanbultiptanitim.istanbul.edu.tr\/index.php\/wp-json\/wp\/v2\/pages"}],"about":[{"href":"https:\/\/istanbultiptanitim.istanbul.edu.tr\/index.php\/wp-json\/wp\/v2\/types\/page"}],"author":[{"embeddable":true,"href":"https:\/\/istanbultiptanitim.istanbul.edu.tr\/index.php\/wp-json\/wp\/v2\/users\/3"}],"replies":[{"embeddable":true,"href":"https:\/\/istanbultiptanitim.istanbul.edu.tr\/index.php\/wp-json\/wp\/v2\/comments?post=2002"}],"version-history":[{"count":2,"href":"https:\/\/istanbultiptanitim.istanbul.edu.tr\/index.php\/wp-json\/wp\/v2\/pages\/2002\/revisions"}],"predecessor-version":[{"id":2225,"href":"https:\/\/istanbultiptanitim.istanbul.edu.tr\/index.php\/wp-json\/wp\/v2\/pages\/2002\/revisions\/2225"}],"wp:attachment":[{"href":"https:\/\/istanbultiptanitim.istanbul.edu.tr\/index.php\/wp-json\/wp\/v2\/media?parent=2002"}],"curies":[{"name":"wp","href":"https:\/\/api.w.org\/{rel}","templated":true}]}}