{"id":2034,"date":"2018-07-31T15:36:25","date_gmt":"2018-07-31T12:36:25","guid":{"rendered":"http:\/\/istanbultiptanitim.istanbul.edu.tr\/?page_id=2034"},"modified":"2018-08-01T22:14:00","modified_gmt":"2018-08-01T19:14:00","slug":"sosyal-bilimler-ve-tip-kulubu","status":"publish","type":"page","link":"https:\/\/istanbultiptanitim.istanbul.edu.tr\/index.php\/sosyal-bilimler-ve-tip-kulubu\/","title":{"rendered":"SOSYAL B\u0130L\u0130MLER VE TIP KUL\u00dcB\u00dc"},"content":{"rendered":"<p><span style=\"color: #800000;\"><strong>SAYFA YAPIM A\u015eAMASINDA<\/strong><\/span><\/p>\n","protected":false},"excerpt":{"rendered":"<p>SAYFA YAPIM A\u015eAMASINDA<\/p>\n","protected":false},"author":3,"featured_media":0,"parent":0,"menu_order":0,"comment_status":"closed","ping_status":"closed","template":"","meta":{"sfsi_plus_gutenberg_text_before_share":"","sfsi_plus_gutenberg_show_text_before_share":"","sfsi_plus_gutenberg_icon_type":"","sfsi_plus_gutenberg_icon_alignemt":"","sfsi_plus_gutenburg_max_per_row":""},"_links":{"self":[{"href":"https:\/\/istanbultiptanitim.istanbul.edu.tr\/index.php\/wp-json\/wp\/v2\/pages\/2034"}],"collection":[{"href":"https:\/\/istanbultiptanitim.istanbul.edu.tr\/index.php\/wp-json\/wp\/v2\/pages"}],"about":[{"href":"https:\/\/istanbultiptanitim.istanbul.edu.tr\/index.php\/wp-json\/wp\/v2\/types\/page"}],"author":[{"embeddable":true,"href":"https:\/\/istanbultiptanitim.istanbul.edu.tr\/index.php\/wp-json\/wp\/v2\/users\/3"}],"replies":[{"embeddable":true,"href":"https:\/\/istanbultiptanitim.istanbul.edu.tr\/index.php\/wp-json\/wp\/v2\/comments?post=2034"}],"version-history":[{"count":2,"href":"https:\/\/istanbultiptanitim.istanbul.edu.tr\/index.php\/wp-json\/wp\/v2\/pages\/2034\/revisions"}],"predecessor-version":[{"id":2237,"href":"https:\/\/istanbultiptanitim.istanbul.edu.tr\/index.php\/wp-json\/wp\/v2\/pages\/2034\/revisions\/2237"}],"wp:attachment":[{"href":"https:\/\/istanbultiptanitim.istanbul.edu.tr\/index.php\/wp-json\/wp\/v2\/media?parent=2034"}],"curies":[{"name":"wp","href":"https:\/\/api.w.org\/{rel}","templated":true}]}}