{"id":204,"date":"2018-05-10T21:09:54","date_gmt":"2018-05-10T18:09:54","guid":{"rendered":"http:\/\/istanbultiptanitim.istanbul.edu.tr\/?page_id=204"},"modified":"2019-07-15T12:41:55","modified_gmt":"2019-07-15T09:41:55","slug":"istanbul-tip-fakultesi-ingilizce-tip-bolumu","status":"publish","type":"page","link":"https:\/\/istanbultiptanitim.istanbul.edu.tr\/index.php\/istanbul-tip-fakultesi-ingilizce-tip-bolumu\/","title":{"rendered":"\u0130stanbul T\u0131p Fak\u00fcltesi \u0130ngilizce T\u0131p B\u00f6l\u00fcm\u00fc"},"content":{"rendered":"<p><img decoding=\"async\" loading=\"lazy\" class=\"alignnone wp-image-175\" src=\"http:\/\/istanbultiptanitim.istanbul.edu.tr\/wp-content\/uploads\/2018\/05\/skeleton-2561573_1920-300x198.jpg\" alt=\"\" width=\"726\" height=\"479\" srcset=\"https:\/\/istanbultiptanitim.istanbul.edu.tr\/wp-content\/uploads\/2018\/05\/skeleton-2561573_1920-300x198.jpg 300w, https:\/\/istanbultiptanitim.istanbul.edu.tr\/wp-content\/uploads\/2018\/05\/skeleton-2561573_1920-768x507.jpg 768w, https:\/\/istanbultiptanitim.istanbul.edu.tr\/wp-content\/uploads\/2018\/05\/skeleton-2561573_1920-1024x676.jpg 1024w, https:\/\/istanbultiptanitim.istanbul.edu.tr\/wp-content\/uploads\/2018\/05\/skeleton-2561573_1920-830x548.jpg 830w, https:\/\/istanbultiptanitim.istanbul.edu.tr\/wp-content\/uploads\/2018\/05\/skeleton-2561573_1920-230x152.jpg 230w, https:\/\/istanbultiptanitim.istanbul.edu.tr\/wp-content\/uploads\/2018\/05\/skeleton-2561573_1920-350x231.jpg 350w, https:\/\/istanbultiptanitim.istanbul.edu.tr\/wp-content\/uploads\/2018\/05\/skeleton-2561573_1920-480x317.jpg 480w, https:\/\/istanbultiptanitim.istanbul.edu.tr\/wp-content\/uploads\/2018\/05\/skeleton-2561573_1920.jpg 1920w\" sizes=\"(max-width: 726px) 100vw, 726px\" \/><\/p>\n<p>T\u00fcrkiye\u2019nin ilk t\u0131p fak\u00fcltesi olan ve k\u00f6kl\u00fc tarihinde bir\u00e7ok ilkler ta\u015f\u0131yan kurumumuz y\u0131llar\u0131n verdi\u011fi tecr\u00fcbe ve bilgi birikimiyle 2017-18 e\u011fitim y\u0131l\u0131nda \u0130ngilizce T\u0131p B\u00f6l\u00fcm\u00fc \u00f6\u011frencilerine e\u011fitim vermeye ba\u015flayarak kendisine yepyeni bir yol daha a\u00e7m\u0131\u015f bulunmaktad\u0131r.<\/p>\n<p>\u0130ngilizce T\u0131p Program\u0131\u2019n\u0131n m\u00fcfredat\u0131, fak\u00fcltemizin T\u00fcrk\u00e7e T\u0131p B\u00f6l\u00fcm\u00fc m\u00fcfredat\u0131yla paralel olarak yakla\u015f\u0131k iki y\u00fczy\u0131ll\u0131k bir bilin\u00e7 \u0131\u015f\u0131\u011f\u0131yla T\u00fcrkiye\u2019nin kendi alanlar\u0131nda en iyi \u00f6\u011fretim \u00fcyeleri taraf\u0131ndan haz\u0131rlanm\u0131\u015ft\u0131r.<\/p>\n<p>Bu e\u011fitim program\u0131 %100 \u0130ngilizce e\u011fitim diliyle y\u00fcr\u00fct\u00fcld\u00fc\u011f\u00fcnden fak\u00fcltemiz program\u0131na kaydolan \u00f6\u011frencilerimize B2 d\u00fczeyinde bir dil s\u0131nav\u0131 d\u00fczenlenmektedir. Bu s\u0131nav\u0131n ard\u0131ndan s\u0131nav\u0131 atlamaya hak kazanan \u00f6\u011frencilerimizin D\u00f6nem 1\u2019e kay\u0131tlar\u0131 yap\u0131l\u0131rken di\u011fer \u00f6\u011frencilerimiz ise 1 y\u0131l \u0130stanbul \u00dcniversitesi Yabanc\u0131 Diller Y\u00fcksekokulu\u2019nda \u0130ngilizce haz\u0131rl\u0131k dersleri almaktad\u0131r.<\/p>\n<p>T\u00fcrk\u00e7e T\u0131p Program\u0131ndan e\u011fitim dili ve 60 ki\u015fi olarak belirlenmi\u015f kontenjan\u0131yla ayr\u0131lan \u0130ngilizce T\u0131p Program\u0131, yabanc\u0131 \u00f6\u011frencilerin de tercihlerinde \u00fcst s\u0131ralarda yerini olu\u015fturmaktad\u0131r.<\/p>\n<ol start=\"21\">\n<li>y\u00fczy\u0131l\u0131n d\u00fcnyas\u0131nda bilim dili olarak kabul g\u00f6ren \u0130ngilizce ile e\u011fitimlerini tamamlayan \u00f6\u011frencilerimizin bu dile daha b\u00fcy\u00fck bir yetkinli\u011fe sahip olarak mezun olmalar\u0131 hedeflenmektedir.<\/li>\n<\/ol>\n<p>Literat\u00fcrden daha iyi bir \u015fekilde faydalanman\u0131n vazge\u00e7ilmezi olan \u0130ngilizceyi e\u011fitim dili olarak almak isteyen \u00f6\u011frencileri \u0130ngilizce T\u0131p Program\u0131m\u0131za bekliyoruz.<\/p>\n<hr \/>\n<p><b>\u0130NG\u0130L\u0130ZCE TIP E\u011e\u0130T\u0130M\u0130<\/b><\/p>\n<p><span style=\"font-weight: 400;\">Hepimiz biliyoruz ki t\u0131p s\u00fcrekli geli\u015fmekte olan, yeniliklere ve g\u00fcncellemelere \u00e7ok a\u00e7\u0131k bir bilim dal\u0131. Bu yenilikler de ara\u015ft\u0131rmalar ve sonucunda yay\u0131nlanan makaleler arac\u0131l\u0131\u011f\u0131yla bilim d\u00fcnyas\u0131na sunulmakta. Bu makalelerde kullan\u0131lan ortak dil \u0130ngilizce oldu\u011fundan \u0130ngilizce t\u0131p e\u011fitimi alm\u0131\u015f doktorlar\u0131n bilimsel ara\u015ft\u0131rma ve makalelerin okunmas\u0131 ve bizzat yaz\u0131lmas\u0131 konular\u0131nda dil yeterlili\u011fine sahip oldu\u011funu g\u00f6rebiliyoruz. Ayr\u0131ca yurt d\u0131\u015f\u0131nda kongrelere kat\u0131lmak isteyen, di\u011fer \u00fclkelerden meslekta\u015flar\u0131 ile ileti\u015fim halinde olup \u201cevrensel\u201d bir doktor olmay\u0131 hedefleyen \u00f6\u011frenciler i\u00e7in kolayl\u0131k sa\u011flad\u0131\u011f\u0131 s\u00f6ylenebilir. Bunun yan\u0131nda unutulmamal\u0131d\u0131r ki ana dilde e\u011fitim g\u00f6rmemek \u00f6zellikle birinci s\u0131n\u0131fta \u00f6\u011frencileri zorlayabilmekte. Ama t\u0131p e\u011fitiminin latince a\u011f\u0131rl\u0131kl\u0131 olmas\u0131 ve belirli bir kelime havuzuna sahip olmas\u0131 sebebiyle belli bir al\u0131\u015fma s\u00fcreci sonras\u0131nda problem g\u00f6r\u00fclmemekte. Ancak \u0130ngilizce kullan\u0131m\u0131 t\u0131bb\u0131n ayr\u0131lmaz bir par\u00e7as\u0131 T\u00fcrk\u00e7e t\u0131p b\u00f6l\u00fcm\u00fcnde e\u011fitim alan t\u0131p \u00f6\u011frencilerine de tavsiyemiz her zaman \u0130ngilizce yetkinliklerini geli\u015ftirmeleri y\u00f6n\u00fcnde. Bu do\u011frultuda \u0130ngilizce t\u0131p e\u011fitiminin amac\u0131 \u00f6\u011frencilerine \u0130ngilizce \u00f6\u011fretmek kesinlikle olmad\u0131\u011f\u0131 gibi \u0130ngilizce t\u0131p b\u00f6l\u00fcm\u00fc okumak da \u0130ngilizce \u00f6\u011frenebilmek i\u00e7in kolay bir yol de\u011fildir.<\/span><\/p>\n<hr \/>\n<p><b>\u00c7APADA \u0130NG\u0130L\u0130ZCE TIP E\u011e\u0130T\u0130M\u0130<\/b><\/p>\n<p><span style=\"font-weight: 400;\">\u0130stanbul T\u0131p Fak\u00fcltesi&#8217;nde \u0130ngilizce T\u0131p B\u00f6l\u00fcm\u00fcnde okuman\u0131n yabanc\u0131 dilde t\u0131p e\u011fitimi haricinde sa\u011flad\u0131\u011f\u0131 birka\u00e7 ayr\u0131cal\u0131k daha var. \u00d6ncelikle s\u0131n\u0131f kontenjan\u0131 yakla\u015f\u0131k 60 ki\u015fi. S\u0131n\u0131fta \u00f6\u011frenci say\u0131s\u0131n\u0131n az olmas\u0131 derslerin daha interaktif i\u015flenmesini ve s\u0131n\u0131f i\u00e7i hocalarla\/s\u0131n\u0131f arkada\u015flar\u0131yla daha kolay ileti\u015fime ge\u00e7ilmesini sa\u011fl\u0131yor. S\u0131n\u0131fta derslerin tamam\u0131na yak\u0131n\u0131 (hasta ileti\u015fimi dersleri hari\u00e7) \u0130ngilizce\u00a0 i\u015fleniyor, yani b\u00f6l\u00fcm misyonundan \u00f6d\u00fcn vermiyor. B\u00f6l\u00fcmde ara\u015ft\u0131rmalara y\u00f6nelik ek uygulamalar mevcut. Bu \u015fekilde \u0130stanbul T\u0131p Fak\u00fcltesi \u0130ngilizce T\u0131p B\u00f6l\u00fcm\u00fc her t\u00fcrl\u00fc hasta ve hastal\u0131\u011f\u0131 bar\u0131nd\u0131ran, m\u00fcthi\u015f bir t\u0131p tarihine sahip \u00c7apa kamp\u00fcs\u00fcn\u00fcn i\u00e7inde; \u00f6zel, ayr\u0131cal\u0131kl\u0131 bir e\u011fitim g\u00f6rme f\u0131rsat\u0131n\u0131 siz de\u011ferli \u00f6\u011frencilere sunuyor.<\/span><\/p>\n<p><img decoding=\"async\" loading=\"lazy\" class=\"alignnone wp-image-592\" src=\"http:\/\/istanbultiptanitim.istanbul.edu.tr\/wp-content\/uploads\/2018\/05\/3.jpg\" alt=\"\" width=\"317\" height=\"211\" srcset=\"https:\/\/istanbultiptanitim.istanbul.edu.tr\/wp-content\/uploads\/2018\/05\/3.jpg 359w, https:\/\/istanbultiptanitim.istanbul.edu.tr\/wp-content\/uploads\/2018\/05\/3-300x200.jpg 300w, https:\/\/istanbultiptanitim.istanbul.edu.tr\/wp-content\/uploads\/2018\/05\/3-230x153.jpg 230w, https:\/\/istanbultiptanitim.istanbul.edu.tr\/wp-content\/uploads\/2018\/05\/3-350x233.jpg 350w\" sizes=\"(max-width: 317px) 100vw, 317px\" \/><\/p>\n","protected":false},"excerpt":{"rendered":"<p>T\u00fcrkiye\u2019nin ilk t\u0131p fak\u00fcltesi olan ve k\u00f6kl\u00fc tarihinde bir\u00e7ok ilkler ta\u015f\u0131yan kurumumuz [&hellip;]<\/p>\n","protected":false},"author":3,"featured_media":0,"parent":0,"menu_order":0,"comment_status":"closed","ping_status":"closed","template":"","meta":{"sfsi_plus_gutenberg_text_before_share":"","sfsi_plus_gutenberg_show_text_before_share":"","sfsi_plus_gutenberg_icon_type":"","sfsi_plus_gutenberg_icon_alignemt":"","sfsi_plus_gutenburg_max_per_row":""},"_links":{"self":[{"href":"https:\/\/istanbultiptanitim.istanbul.edu.tr\/index.php\/wp-json\/wp\/v2\/pages\/204"}],"collection":[{"href":"https:\/\/istanbultiptanitim.istanbul.edu.tr\/index.php\/wp-json\/wp\/v2\/pages"}],"about":[{"href":"https:\/\/istanbultiptanitim.istanbul.edu.tr\/index.php\/wp-json\/wp\/v2\/types\/page"}],"author":[{"embeddable":true,"href":"https:\/\/istanbultiptanitim.istanbul.edu.tr\/index.php\/wp-json\/wp\/v2\/users\/3"}],"replies":[{"embeddable":true,"href":"https:\/\/istanbultiptanitim.istanbul.edu.tr\/index.php\/wp-json\/wp\/v2\/comments?post=204"}],"version-history":[{"count":12,"href":"https:\/\/istanbultiptanitim.istanbul.edu.tr\/index.php\/wp-json\/wp\/v2\/pages\/204\/revisions"}],"predecessor-version":[{"id":2357,"href":"https:\/\/istanbultiptanitim.istanbul.edu.tr\/index.php\/wp-json\/wp\/v2\/pages\/204\/revisions\/2357"}],"wp:attachment":[{"href":"https:\/\/istanbultiptanitim.istanbul.edu.tr\/index.php\/wp-json\/wp\/v2\/media?parent=204"}],"curies":[{"name":"wp","href":"https:\/\/api.w.org\/{rel}","templated":true}]}}