{"id":529,"date":"2018-05-13T01:48:42","date_gmt":"2018-05-12T22:48:42","guid":{"rendered":"http:\/\/istanbultiptanitim.istanbul.edu.tr\/?page_id=529"},"modified":"2018-05-14T02:50:14","modified_gmt":"2018-05-13T23:50:14","slug":"kampuste-yasam","status":"publish","type":"page","link":"https:\/\/istanbultiptanitim.istanbul.edu.tr\/index.php\/kampuste-yasam\/","title":{"rendered":"Kamp\u00fcste Ya\u015fam"},"content":{"rendered":"<p>\u0130stanbul \u00dcniversitesi \u00c7apa Kamp\u00fcs\u00fcnde \u0130stanbul T\u0131p ve Di\u015f Hekimli\u011fi Fak\u00fcltelerinin hastaneleri, \u0130stanbul T\u0131p Fak\u00fcltesi e\u011fitim birimleri ve \u00f6\u011frenci alanlar\u0131 yer almaktad\u0131r. \u0130stanbul \u00dcniversitesi \u00c7apa Yerle\u015fkesi \u0130stanbul&#8217;un en merkezindeki referans hastane kamp\u00fcs\u00fc oldu\u011fu i\u00e7in \u00e7ok yo\u011fun ve dinamik bir yap\u0131ya sahiptir. 7\/24 h\u0131zl\u0131 bir hasta sirk\u00fclasyonu vard\u0131r ve kamp\u00fcs, \u00f6\u011frencilerine arad\u0131klar\u0131 huzura kavu\u015fmay\u0131 vaat etmez:) ancak; nitelikli bir t\u0131p e\u011fitimi i\u00e7in en uygun ortam\u0131 sunar. Hekimlik \u00e7ok farkl\u0131 bir u\u011fra\u015ft\u0131r, tek ba\u015f\u0131na bir meslek ya da bir bilim olmaktan \u00e7ok \u00f6te hayat\u0131n i\u00e7inden her \u015feye dokunur. \u0130yi ve donan\u0131ml\u0131 bir hekim hi\u00e7 \u015f\u00fcphesiz bilgili olmal\u0131 ayn\u0131 zamanda toplumsal, k\u00fclt\u00fcrel, sanatsal, hukuki ve bir\u00e7ok alanda yeterli tecr\u00fcbeyi kazanm\u0131\u015f entelekt\u00fcel bir birey olmal\u0131d\u0131r. Hekimlik insanla i\u00e7 i\u00e7e ve tek amac\u0131 insana fayda sa\u011flamak olan \u00e7ok kutsal bir sanat olup usta-\u00e7\u0131rak ili\u015fkisi i\u00e7erisinde halka dokunarak, topluma kar\u0131\u015farak \u00f6\u011frenilmeli; izole katlarda ve kamp\u00fcslerde teoriye indirgenmesine m\u00fcsaade edilmemelidir. \u0130stanbul T\u0131p Fak\u00fcltesi T\u00fcrkiye&#8217;nin d\u00f6rt bir yan\u0131ndan gelen \u00e7\u00f6z\u00fcmlenememi\u015f vakalar\u0131 ve karma\u015f\u0131k hasta populasyonuyla t\u0131p e\u011fitimi almak ve de mesleki yeterlili\u011fi kazanmak i\u00e7in en ideal ortam\u0131 ya\u015fatmaktad\u0131r. E\u011fitim yerle\u015fkesi ve hastanelerin i\u00e7 i\u00e7e olmas\u0131 e\u011fitimin klinikle entegre seyretmesine imkan verdi\u011finden \u0130stanbul T\u0131p Fak\u00fcltesinde \u00f6\u011frenciler 1. S\u0131n\u0131ftan itibaren hastanelerdedir ve \u00e7ekirdekten yeti\u015firler.<\/p>\n<p>Ayr\u0131ca \u00c7apa Kamp\u00fcs\u00fcnde hastane ortam\u0131na ve t\u00fcm yo\u011funlu\u011funa ra\u011fmen sosyal anlamda da\u00a0\u00f6\u011frencilerimiz kendilerine ait bir\u00e7ok alana ve imkana sahiptir. \u00d6yle ki y\u0131llard\u0131r &#8220;T\u00fcrkiye&#8217;nin En Sosyal T\u0131p Fak\u00fcltesi&#8221; ve &#8220;T\u00fcrkiye&#8217;nin En Sosyal T\u0131p \u00d6\u011frencileri&#8221; \u00fcnvan\u0131yla nam salmaktay\u0131z.<\/p>\n<p>Kamp\u00fcse ait sosyal imkanlarla ilgili sitenin <span style=\"color: #590d21;\">&#8220;Sosyal&#8221;<\/span> sekmesinden daha ayr\u0131nt\u0131l\u0131 bilgilere ula\u015fabilirsiniz.<\/p>\n","protected":false},"excerpt":{"rendered":"<p>\u0130stanbul \u00dcniversitesi \u00c7apa Kamp\u00fcs\u00fcnde \u0130stanbul T\u0131p ve Di\u015f Hekimli\u011fi Fak\u00fcltelerinin hastaneleri, \u0130stanbul [&hellip;]<\/p>\n","protected":false},"author":3,"featured_media":0,"parent":0,"menu_order":0,"comment_status":"closed","ping_status":"closed","template":"","meta":{"sfsi_plus_gutenberg_text_before_share":"","sfsi_plus_gutenberg_show_text_before_share":"","sfsi_plus_gutenberg_icon_type":"","sfsi_plus_gutenberg_icon_alignemt":"","sfsi_plus_gutenburg_max_per_row":""},"_links":{"self":[{"href":"https:\/\/istanbultiptanitim.istanbul.edu.tr\/index.php\/wp-json\/wp\/v2\/pages\/529"}],"collection":[{"href":"https:\/\/istanbultiptanitim.istanbul.edu.tr\/index.php\/wp-json\/wp\/v2\/pages"}],"about":[{"href":"https:\/\/istanbultiptanitim.istanbul.edu.tr\/index.php\/wp-json\/wp\/v2\/types\/page"}],"author":[{"embeddable":true,"href":"https:\/\/istanbultiptanitim.istanbul.edu.tr\/index.php\/wp-json\/wp\/v2\/users\/3"}],"replies":[{"embeddable":true,"href":"https:\/\/istanbultiptanitim.istanbul.edu.tr\/index.php\/wp-json\/wp\/v2\/comments?post=529"}],"version-history":[{"count":11,"href":"https:\/\/istanbultiptanitim.istanbul.edu.tr\/index.php\/wp-json\/wp\/v2\/pages\/529\/revisions"}],"predecessor-version":[{"id":611,"href":"https:\/\/istanbultiptanitim.istanbul.edu.tr\/index.php\/wp-json\/wp\/v2\/pages\/529\/revisions\/611"}],"wp:attachment":[{"href":"https:\/\/istanbultiptanitim.istanbul.edu.tr\/index.php\/wp-json\/wp\/v2\/media?parent=529"}],"curies":[{"name":"wp","href":"https:\/\/api.w.org\/{rel}","templated":true}]}}