{"id":537,"date":"2018-05-13T01:50:16","date_gmt":"2018-05-12T22:50:16","guid":{"rendered":"http:\/\/istanbultiptanitim.istanbul.edu.tr\/?page_id=537"},"modified":"2018-05-14T02:21:57","modified_gmt":"2018-05-13T23:21:57","slug":"kutuphane","status":"publish","type":"page","link":"https:\/\/istanbultiptanitim.istanbul.edu.tr\/index.php\/kutuphane\/","title":{"rendered":"K\u00fct\u00fcphane"},"content":{"rendered":"<p><iframe loading=\"lazy\" width=\"1170\" height=\"658\" src=\"https:\/\/www.youtube.com\/embed\/oEndWPZqMR4?feature=oembed\" frameborder=\"0\" allow=\"autoplay; encrypted-media\" allowfullscreen><\/iframe><\/p>\n<p>&nbsp;<\/p>\n<p>\u0130\u00dc. \u0130stanbul T\u0131p Fak\u00fcltesi Hulusi Beh\u00e7et K\u00fct\u00fcphanesi fak\u00fcltemizin \u00f6\u011frencilerimize sundu\u011fu en \u00f6zel imkanlardan biridir. K\u00fct\u00fcphanemiz T\u00fcrkiye&#8217;de yer alan en donan\u0131ml\u0131 t\u0131p k\u00fct\u00fcphanesi olup i\u00e7erisinde bir adet b\u00fcy\u00fck \u00f6\u011frenci okuma salonu (600 ki\u015filik), 2 adet k\u00fc\u00e7\u00fck \u00f6\u011frenci okuma salonu, 2 adet int\u00f6rnlere \u00f6zel okuma salonu, 2 adet bilgisayar salonu; t\u0131p kitaplar\u0131 istek b\u00f6l\u00fcm\u00fc, bilimsel yay\u0131n istek b\u00f6l\u00fcm\u00fc, tarihi eserler ar\u015fivi; 3 adet toplant\u0131 salonu, sim\u00fcle hasta laboratuvar\u0131 ve t\u0131bbi beceri uygulama laboratuvar\u0131 bulunmaktad\u0131r. K\u00fct\u00fcphanemiz Ramazan ve Kurban Bayramlar\u0131n\u0131n 1. g\u00fcnleri hari\u00e7 sene boyunca herg\u00fcn 24 saat a\u00e7\u0131k olmas\u0131yla T\u00fcrkiye&#8217;de tektir. K\u00fct\u00fcphanemizin g\u00fcvenlik standartlar\u0131 \u00e7ok y\u00fcksek olup t\u00fcm alanlar g\u00fcvenlik kameralar\u0131yla kaydedilmekte, 24 saat g\u00fcvenlik personeli bulunmakta ve giri\u015fler yaln\u0131zca \u00a0\u00f6\u011frenci kart\u0131yla yap\u0131labilmektedir. K\u00fct\u00fcphanede ayr\u0131ca \u00f6\u011frencilerin kitaplar\u0131n\u0131 ve \u00f6zel e\u015fyalar\u0131n\u0131 muhafaza edebilecekleri alan, at\u0131\u015ft\u0131rmal\u0131k ve \u00e7ay-kahve otomatlar\u0131 yer almaktad\u0131r. Ayr\u0131ca k\u00fct\u00fcphanemiz okuma salonlar\u0131 herg\u00fcn sabah saat 7&#8217;de k\u00fct\u00fcphane personeli taraf\u0131ndan \u00e7ok seri bir \u015fekilde dezenfekte edilmektedir bu sayede sabah k\u00fct\u00fcphaneye yeni giren \u00f6\u011frenciler herg\u00fcn k\u00fct\u00fcphaneyi ferah bulmakta sabahlayan \u00f6\u011frencilerin konsantrasyonu ise b\u00f6l\u00fcnmemeye \u00e7al\u0131\u015f\u0131lmaktad\u0131r. K\u00fct\u00fcphanemiz son olarak 2015 y\u0131l\u0131nda restandardize edilmi\u015f \u00f6\u011frencilerden gelen talepler do\u011frultusunda yenilenmi\u015f ve giri\u015fler sadece \u0130stanbul T\u0131p Fak\u00fcltesi \u00f6\u011frencilerine a\u00e7\u0131k olarak k\u0131s\u0131tlanm\u0131\u015ft\u0131r ancak \u0130stanbul T\u0131p Fak\u00fcltesi \u00f6\u011frencileri \u0130stanbul \u00dcniversitesine ait t\u00fcm k\u00fct\u00fcphanelerden serbest\u00e7e yararlanabilme imkan\u0131na sahiptir.<\/p>\n<p>&nbsp;<\/p>\n","protected":false},"excerpt":{"rendered":"<p>&nbsp; \u0130\u00dc. \u0130stanbul T\u0131p Fak\u00fcltesi Hulusi Beh\u00e7et K\u00fct\u00fcphanesi fak\u00fcltemizin \u00f6\u011frencilerimize sundu\u011fu en [&hellip;]<\/p>\n","protected":false},"author":3,"featured_media":0,"parent":0,"menu_order":0,"comment_status":"closed","ping_status":"closed","template":"","meta":{"sfsi_plus_gutenberg_text_before_share":"","sfsi_plus_gutenberg_show_text_before_share":"","sfsi_plus_gutenberg_icon_type":"","sfsi_plus_gutenberg_icon_alignemt":"","sfsi_plus_gutenburg_max_per_row":""},"_links":{"self":[{"href":"https:\/\/istanbultiptanitim.istanbul.edu.tr\/index.php\/wp-json\/wp\/v2\/pages\/537"}],"collection":[{"href":"https:\/\/istanbultiptanitim.istanbul.edu.tr\/index.php\/wp-json\/wp\/v2\/pages"}],"about":[{"href":"https:\/\/istanbultiptanitim.istanbul.edu.tr\/index.php\/wp-json\/wp\/v2\/types\/page"}],"author":[{"embeddable":true,"href":"https:\/\/istanbultiptanitim.istanbul.edu.tr\/index.php\/wp-json\/wp\/v2\/users\/3"}],"replies":[{"embeddable":true,"href":"https:\/\/istanbultiptanitim.istanbul.edu.tr\/index.php\/wp-json\/wp\/v2\/comments?post=537"}],"version-history":[{"count":7,"href":"https:\/\/istanbultiptanitim.istanbul.edu.tr\/index.php\/wp-json\/wp\/v2\/pages\/537\/revisions"}],"predecessor-version":[{"id":602,"href":"https:\/\/istanbultiptanitim.istanbul.edu.tr\/index.php\/wp-json\/wp\/v2\/pages\/537\/revisions\/602"}],"wp:attachment":[{"href":"https:\/\/istanbultiptanitim.istanbul.edu.tr\/index.php\/wp-json\/wp\/v2\/media?parent=537"}],"curies":[{"name":"wp","href":"https:\/\/api.w.org\/{rel}","templated":true}]}}