{"id":539,"date":"2018-05-13T01:50:34","date_gmt":"2018-05-12T22:50:34","guid":{"rendered":"http:\/\/istanbultiptanitim.istanbul.edu.tr\/?page_id=539"},"modified":"2019-07-16T12:22:06","modified_gmt":"2019-07-16T09:22:06","slug":"barinma","status":"publish","type":"page","link":"https:\/\/istanbultiptanitim.istanbul.edu.tr\/index.php\/barinma\/","title":{"rendered":"Bar\u0131nma ve Burs \u0130mkanlar\u0131"},"content":{"rendered":"<h4 style=\"text-align: left;\">Bar\u0131nma<\/h4>\n<p>\u0130stanbul T\u0131p fak\u00fcltesi \u00f6\u011frencileri i\u00e7in bir\u00e7ok bar\u0131nma olana\u011f\u0131 vard\u0131r. Bir\u00e7ok \u00f6\u011frenci fak\u00fclteye kay\u0131t a\u015famas\u0131nda genelde fak\u00fclte \u00e7evresinden ev kiralamay\u0131 tercih etmektedir.<\/p>\n<p>K\u0131z \u00f6\u011frenciler i\u00e7in fak\u00fclteye yak\u0131n konumda yer alan bir\u00e7ok KYK yurdu(devlet yurdu), \u00f6zel yurt ve apart; ayn\u0131 zamanda \u0130stanbul \u00dcniversitesi&#8217;ne ait yurt imkan\u0131 bulunmaktad\u0131r. <strong>\u00dcniversitemiz b\u00fcnyesinde yer alan Dr. Safiye Ali K\u0131z \u00d6\u011frenci Yurdu fak\u00fcltemizle ayn\u0131 cadde \u00fczerinde yer almakta olup okula y\u00fcr\u00fcme mesafesindedir. Fak\u00fclte \u00f6\u011frencilerimizin yararlanabildi\u011fi bu yurtta, YKS S\u0131nav\u0131nda ilk 500&#8217;e girerek fak\u00fcltemize kay\u0131t hakk\u0131 kazanan \u00f6\u011frencilerimiz 6 y\u0131l boyunca yemek ve konaklama hizmetlerinden \u00fccretsiz olarak yaralanabilmektedirler. Yurt odalar\u0131 2-3 ki\u015filiktir.<em>(Bu Yurt 2019 y\u0131l\u0131nda hizmete girmi\u015ftir.)<\/em><\/strong> Bu a\u00e7\u0131dan yurtta kalmay\u0131 arzu eden k\u0131z \u00f6\u011frenciler i\u00e7in kontenjan a\u00e7\u0131s\u0131ndan \u00e7ok bir sorun ya\u015fanmamaktad\u0131r. \u0130lk senelerde k\u0131z \u00f6\u011frenciler yurtta kalmay\u0131 tercih etseler de eve \u00e7\u0131kman\u0131n kazand\u0131rd\u0131\u011f\u0131 avantajlar do\u011frultusunda ileriki senelerde tercihlerini eve \u00e7\u0131kmaktan yana kullanmaktad\u0131rlar.<\/p>\n<p>Erkek \u00f6\u011frenciler i\u00e7in ise fak\u00fclteye birka\u00e7 durak uzakl\u0131kta KYK yurtlar\u0131 ve fak\u00fclte \u00e7evresinde bir\u00e7ok \u00f6zel yurt ve apart bulunmaktad\u0131r ancak yurt imkanlar\u0131 erkekler i\u00e7in k\u0131zlar i\u00e7in oldu\u011fu kadar geli\u015fmi\u015f de\u011fildir. Bu sebeple erkek \u00f6\u011frenciler hem mali hem de yak\u0131nl\u0131k ve rahatl\u0131k a\u00e7\u0131s\u0131ndan fak\u00fclte \u00e7evresinde ev tutmay\u0131 tercih etmektedirler.\u00a0<strong>\u00dcniversitemiz b\u00fcnyesinde yer alan \u015eehit \u00d6mer Halisdemir Erkek \u00d6\u011frenci Yurdu fak\u00fcltemizle ayn\u0131 cadde \u00fczerinde yer almakta olup okula y\u00fcr\u00fcme mesafesindedir. Fak\u00fclte \u00f6\u011frencilerimizin yararlanabildi\u011fi bu yurtta YKS S\u0131nav\u0131nda ilk 500&#8217;e girerek fak\u00fcltemize kay\u0131t hakk\u0131 kazanan \u00f6\u011frencilerimiz 6 y\u0131l boyunca yemek ve konaklama hizmetlerinden \u00fccretsiz olarak yaralanabilmektedirler. Yurt odalar\u0131 2-3 ki\u015filiktir. <em>(Bu Yurt 2019 y\u0131l\u0131nda hizmete girmi\u015ftir.)<\/em><\/strong><\/p>\n<p>Ev kiralar\u0131 \u0130stanbul T\u0131p Fak\u00fcltesi&#8217;nin tarihi yar\u0131mada i\u00e7erisinde \u00e7ok merkezi bir konumda yer almas\u0131ndan \u00f6t\u00fcr\u00fc y\u00fcksektir. Kimi \u00f6\u011frenciler fak\u00fcltemizin \u00f6n ve arka giri\u015flerinden \u0130stanbul ula\u015f\u0131m hatlar\u0131na do\u011frudan eri\u015fim kolayl\u0131\u011f\u0131ndan dolay\u0131 ba\u015fka semtlerde ev tutabilmektedirler.<\/p>\n<p>\u00dcniversite s\u0131nav\u0131nda y\u00fcksek ba\u015far\u0131 elde etmi\u015f \u00f6\u011frencilerimize burs ve \u00fccretsiz yurt imkan\u0131 sa\u011flamaktay\u0131z.<\/p>\n<h4>Burs<\/h4>\n<table border=\"0\" width=\"100%\" cellspacing=\"5\" cellpadding=\"0\">\n<tbody>\n<tr>\n<td align=\"right\" valign=\"top\" width=\"27\"><strong>1)<\/strong><\/td>\n<td>\u0130stanbul \u00dcniversitesi, LYS\u2019de \u00dcniversitemize yerle\u015fti\u011fi puan t\u00fcr\u00fcnde ilk 200\u2019e giren Lisans B\u00f6l\u00fcm\u00fc \u00f6\u011frencilerini\u00a0 \u00f6d\u00fcllendiriyor<br \/>\n\u0130lk 200\u2019deki \u00f6\u011frencilerin \u0130stanbul \u00dcniversitesi\u2019ni tercih etmeleri halinde;<strong>a)<\/strong>\u00a0Ayl\u0131k 300 TL burs,<strong>b)<\/strong>\u00a0Diz\u00fcst\u00fc bilgisayar,<strong>c)<\/strong>\u00a0E\u011fitim s\u00fcresince \u00fcniversite yemekhanelerinden \u00fccretsiz yararlanma,<strong>d)<\/strong>\u00a0E\u011fitim s\u00fcresince \u00fcniversite yutrlar\u0131nda \u00fccretsiz konaklama olanaklar\u0131 sa\u011flanmaktad\u0131r.<\/td>\n<\/tr>\n<tr>\n<td align=\"right\" valign=\"top\"><strong>2)<\/strong><\/td>\n<td>Her y\u0131l Kredi Yurtlar Kurumu d\u0131\u015f\u0131nda \u00fcniversitemizden \u00e7e\u015fitli kurum ve kurulu\u015flar arac\u0131l\u0131\u011f\u0131yla yakla\u015f\u0131k 9 bin \u00f6\u011frencimize burs olanaklar\u0131 sa\u011flanmaktad\u0131r.<\/td>\n<\/tr>\n<tr>\n<td align=\"right\" valign=\"top\"><strong>3)<\/strong><\/td>\n<td>Her y\u0131l yakla\u015f\u0131k 1200 \u00f6\u011frencimiz yar\u0131 zamanl\u0131 olarak \u00fcniversitemizin \u00e7e\u015fitli birimlerinde sosyal g\u00fcvence alt\u0131na al\u0131narak \u00e7al\u0131\u015fmaktad\u0131r.<\/td>\n<\/tr>\n<tr>\n<td align=\"right\" valign=\"top\"><strong>4)<\/strong><\/td>\n<td>Her y\u0131l yakla\u015f\u0131k 500 ihtiya\u00e7 sahibi \u00f6\u011frenciye giysi yard\u0131m\u0131 yap\u0131lmaktad\u0131r.<\/td>\n<\/tr>\n<tr>\n<td align=\"right\" valign=\"top\"><strong>5)<\/strong><\/td>\n<td>Her y\u0131l yakla\u015f\u0131k 500 \u00f6\u011frenciye kitap bursu verilmektedir.<\/td>\n<\/tr>\n<tr>\n<td align=\"right\" valign=\"top\"><strong>6)<\/strong><\/td>\n<td>Kredi Yurtlar Kurumu\u2019na ba\u015fvuran yakla\u015f\u0131k 18 bin \u00f6\u011frencimiz her y\u0131l burs almaktad\u0131r.<\/td>\n<\/tr>\n<\/tbody>\n<\/table>\n","protected":false},"excerpt":{"rendered":"<p>Bar\u0131nma \u0130stanbul T\u0131p fak\u00fcltesi \u00f6\u011frencileri i\u00e7in bir\u00e7ok bar\u0131nma olana\u011f\u0131 vard\u0131r. Bir\u00e7ok \u00f6\u011frenci [&hellip;]<\/p>\n","protected":false},"author":3,"featured_media":0,"parent":0,"menu_order":0,"comment_status":"closed","ping_status":"closed","template":"","meta":{"sfsi_plus_gutenberg_text_before_share":"","sfsi_plus_gutenberg_show_text_before_share":"","sfsi_plus_gutenberg_icon_type":"","sfsi_plus_gutenberg_icon_alignemt":"","sfsi_plus_gutenburg_max_per_row":""},"_links":{"self":[{"href":"https:\/\/istanbultiptanitim.istanbul.edu.tr\/index.php\/wp-json\/wp\/v2\/pages\/539"}],"collection":[{"href":"https:\/\/istanbultiptanitim.istanbul.edu.tr\/index.php\/wp-json\/wp\/v2\/pages"}],"about":[{"href":"https:\/\/istanbultiptanitim.istanbul.edu.tr\/index.php\/wp-json\/wp\/v2\/types\/page"}],"author":[{"embeddable":true,"href":"https:\/\/istanbultiptanitim.istanbul.edu.tr\/index.php\/wp-json\/wp\/v2\/users\/3"}],"replies":[{"embeddable":true,"href":"https:\/\/istanbultiptanitim.istanbul.edu.tr\/index.php\/wp-json\/wp\/v2\/comments?post=539"}],"version-history":[{"count":8,"href":"https:\/\/istanbultiptanitim.istanbul.edu.tr\/index.php\/wp-json\/wp\/v2\/pages\/539\/revisions"}],"predecessor-version":[{"id":2445,"href":"https:\/\/istanbultiptanitim.istanbul.edu.tr\/index.php\/wp-json\/wp\/v2\/pages\/539\/revisions\/2445"}],"wp:attachment":[{"href":"https:\/\/istanbultiptanitim.istanbul.edu.tr\/index.php\/wp-json\/wp\/v2\/media?parent=539"}],"curies":[{"name":"wp","href":"https:\/\/api.w.org\/{rel}","templated":true}]}}