{"id":543,"date":"2018-05-13T01:51:45","date_gmt":"2018-05-12T22:51:45","guid":{"rendered":"http:\/\/istanbultiptanitim.istanbul.edu.tr\/?page_id=543"},"modified":"2018-05-13T23:46:37","modified_gmt":"2018-05-13T20:46:37","slug":"yemekhane","status":"publish","type":"page","link":"https:\/\/istanbultiptanitim.istanbul.edu.tr\/index.php\/yemekhane\/","title":{"rendered":"Yemekhane"},"content":{"rendered":"<p>\u0130stanbul \u00dcniversitesi \u00c7apa kamp\u00fcs\u00fcnde \u0130stanbul T\u0131p Fak\u00fcltesi ve Di\u015f Hekimli\u011fi Fak\u00fcltelerine ait olmak \u00fczere 2 adet \u00f6\u011frenci yemekhanesi ve 7 adet kantin bulunmaktad\u0131r ve baz\u0131 kantilerimiz 7\/24 a\u00e7\u0131kt\u0131r. \u00c7apa kamp\u00fcs\u00fc d\u0131\u015f\u0131nda \u00f6\u011frenciler \u0130stanbul \u00dcniversitesinin b\u00fct\u00fcn kamp\u00fcslerindeki yemekhanelere girme imkan\u0131na sahibtir.<\/p>\n<p>\u0130stanbul \u00dcniversitesi \u00f6\u011f\u00fcn ba\u015f\u0131na g\u00fcncel \u00f6\u011frenci yemek fiyat\u0131 \u20ba2.25&#8217;tir. \u0130stanbul T\u0131p Fak\u00fcltesi \u00f6\u011frenci yemekhanesinde sabah kahvalt\u0131s\u0131, \u00f6\u011fle ve ak\u015fam yemekleri verilmektedir. \u0130stanbul \u00dcniversitesi&#8217;nin t\u00fcm kamp\u00fcslerinde yemekler g\u00fcnl\u00fck haz\u0131rlan\u0131r ve\u00a0men\u00fcler ayn\u0131d\u0131r. Men\u00fclerin kalorileri, glisemik indexleri ve vitamin oranlar\u0131 uzman diyetisyenlerce d\u00fczenlenir ve \u00f6\u011frencilere sunulur. Yemekhanenin ucuz ve sa\u011fl\u0131kl\u0131 olmas\u0131 nedeniyle bir\u00e7ok \u00f6\u011frenci taraf\u0131ndan yemekhane tercih edilmektedir.<\/p>\n","protected":false},"excerpt":{"rendered":"<p>\u0130stanbul \u00dcniversitesi \u00c7apa kamp\u00fcs\u00fcnde \u0130stanbul T\u0131p Fak\u00fcltesi ve Di\u015f Hekimli\u011fi Fak\u00fcltelerine ait [&hellip;]<\/p>\n","protected":false},"author":3,"featured_media":0,"parent":0,"menu_order":0,"comment_status":"closed","ping_status":"closed","template":"","meta":{"sfsi_plus_gutenberg_text_before_share":"","sfsi_plus_gutenberg_show_text_before_share":"","sfsi_plus_gutenberg_icon_type":"","sfsi_plus_gutenberg_icon_alignemt":"","sfsi_plus_gutenburg_max_per_row":""},"_links":{"self":[{"href":"https:\/\/istanbultiptanitim.istanbul.edu.tr\/index.php\/wp-json\/wp\/v2\/pages\/543"}],"collection":[{"href":"https:\/\/istanbultiptanitim.istanbul.edu.tr\/index.php\/wp-json\/wp\/v2\/pages"}],"about":[{"href":"https:\/\/istanbultiptanitim.istanbul.edu.tr\/index.php\/wp-json\/wp\/v2\/types\/page"}],"author":[{"embeddable":true,"href":"https:\/\/istanbultiptanitim.istanbul.edu.tr\/index.php\/wp-json\/wp\/v2\/users\/3"}],"replies":[{"embeddable":true,"href":"https:\/\/istanbultiptanitim.istanbul.edu.tr\/index.php\/wp-json\/wp\/v2\/comments?post=543"}],"version-history":[{"count":3,"href":"https:\/\/istanbultiptanitim.istanbul.edu.tr\/index.php\/wp-json\/wp\/v2\/pages\/543\/revisions"}],"predecessor-version":[{"id":589,"href":"https:\/\/istanbultiptanitim.istanbul.edu.tr\/index.php\/wp-json\/wp\/v2\/pages\/543\/revisions\/589"}],"wp:attachment":[{"href":"https:\/\/istanbultiptanitim.istanbul.edu.tr\/index.php\/wp-json\/wp\/v2\/media?parent=543"}],"curies":[{"name":"wp","href":"https:\/\/api.w.org\/{rel}","templated":true}]}}