{"id":545,"date":"2018-05-13T01:52:04","date_gmt":"2018-05-12T22:52:04","guid":{"rendered":"http:\/\/istanbultiptanitim.istanbul.edu.tr\/?page_id=545"},"modified":"2018-05-14T03:17:15","modified_gmt":"2018-05-14T00:17:15","slug":"istanbul","status":"publish","type":"page","link":"https:\/\/istanbultiptanitim.istanbul.edu.tr\/index.php\/istanbul\/","title":{"rendered":"\u0130STANBUL"},"content":{"rendered":"<p><img decoding=\"async\" loading=\"lazy\" class=\"alignnone size-full wp-image-599\" src=\"http:\/\/istanbultiptanitim.istanbul.edu.tr\/wp-content\/uploads\/2018\/05\/s-01376008e67dd92a1620ced5968edd2caef9f448.jpg\" alt=\"\" width=\"635\" height=\"422\" srcset=\"https:\/\/istanbultiptanitim.istanbul.edu.tr\/wp-content\/uploads\/2018\/05\/s-01376008e67dd92a1620ced5968edd2caef9f448.jpg 635w, https:\/\/istanbultiptanitim.istanbul.edu.tr\/wp-content\/uploads\/2018\/05\/s-01376008e67dd92a1620ced5968edd2caef9f448-300x199.jpg 300w, https:\/\/istanbultiptanitim.istanbul.edu.tr\/wp-content\/uploads\/2018\/05\/s-01376008e67dd92a1620ced5968edd2caef9f448-230x153.jpg 230w, https:\/\/istanbultiptanitim.istanbul.edu.tr\/wp-content\/uploads\/2018\/05\/s-01376008e67dd92a1620ced5968edd2caef9f448-350x233.jpg 350w, https:\/\/istanbultiptanitim.istanbul.edu.tr\/wp-content\/uploads\/2018\/05\/s-01376008e67dd92a1620ced5968edd2caef9f448-480x319.jpg 480w\" sizes=\"(max-width: 635px) 100vw, 635px\" \/><\/p>\n<p>&nbsp;<\/p>\n<p>\u0130stanbul muhte\u015fem do\u011fal g\u00fczellikleriyle, k\u00fclt\u00fcr\u00fc, saraylar\u0131, k\u00f6\u015fkleri, m\u00fczeleri, park ve bah\u00e7eleri, an\u0131tlar\u0131, kuleleri, g\u00f6ky\u00fcz\u00fcne uzanan g\u00f6kdelenleri ve daha bir\u00e7ok \u00f6zelli\u011fiyle bir hazinedir; tarih boyunca 120 farkl\u0131 ki\u015fi taraf\u0131ndan y\u00f6netilmi\u015f ve farkl\u0131 milletlere ev sahipli\u011fi yapm\u0131\u015f bir kenttir.<\/p>\n<p>\u0130stanbul aktiviteleri s\u0131n\u0131rs\u0131zd\u0131r. Asya ve Avrupa k\u0131talar\u0131n\u0131 birle\u015ftirmesiyle d\u00fcnyada e\u015fsizdir. \u015eehirde Roma, Bizans ve Osmanl\u0131 \u0130mparatorlu\u011funa ait tarihi yap\u0131lar sayesinde farkl\u0131 k\u00fclt\u00fcrlerin bir sentezini g\u00f6receksiniz. T\u00fcrkiye&#8217;nin en b\u00fcy\u00fck ve pop\u00fcler \u015fehri olmas\u0131n\u0131n yan\u0131 s\u0131ra \u0130stanbul; sanat, k\u00fclt\u00fcr ve ekonomi alan\u0131nda, ayn\u0131 zamanda 15 milyonluk n\u00fcfusu ile T\u00fcrkiye&#8217;nin ve d\u00fcnyan\u0131n en b\u00fcy\u00fck kentlerinden birisidir.<\/p>\n<p><img decoding=\"async\" loading=\"lazy\" class=\"alignnone size-full wp-image-600\" src=\"http:\/\/istanbultiptanitim.istanbul.edu.tr\/wp-content\/uploads\/2018\/05\/yQaAWtS-X0tJv6O-Xh7Ykwb-RnV7JYr.jpg\" alt=\"\" width=\"1220\" height=\"466\" srcset=\"https:\/\/istanbultiptanitim.istanbul.edu.tr\/wp-content\/uploads\/2018\/05\/yQaAWtS-X0tJv6O-Xh7Ykwb-RnV7JYr.jpg 1220w, https:\/\/istanbultiptanitim.istanbul.edu.tr\/wp-content\/uploads\/2018\/05\/yQaAWtS-X0tJv6O-Xh7Ykwb-RnV7JYr-300x115.jpg 300w, https:\/\/istanbultiptanitim.istanbul.edu.tr\/wp-content\/uploads\/2018\/05\/yQaAWtS-X0tJv6O-Xh7Ykwb-RnV7JYr-768x293.jpg 768w, https:\/\/istanbultiptanitim.istanbul.edu.tr\/wp-content\/uploads\/2018\/05\/yQaAWtS-X0tJv6O-Xh7Ykwb-RnV7JYr-1024x391.jpg 1024w, https:\/\/istanbultiptanitim.istanbul.edu.tr\/wp-content\/uploads\/2018\/05\/yQaAWtS-X0tJv6O-Xh7Ykwb-RnV7JYr-830x317.jpg 830w, https:\/\/istanbultiptanitim.istanbul.edu.tr\/wp-content\/uploads\/2018\/05\/yQaAWtS-X0tJv6O-Xh7Ykwb-RnV7JYr-230x88.jpg 230w, https:\/\/istanbultiptanitim.istanbul.edu.tr\/wp-content\/uploads\/2018\/05\/yQaAWtS-X0tJv6O-Xh7Ykwb-RnV7JYr-350x134.jpg 350w, https:\/\/istanbultiptanitim.istanbul.edu.tr\/wp-content\/uploads\/2018\/05\/yQaAWtS-X0tJv6O-Xh7Ykwb-RnV7JYr-480x183.jpg 480w\" sizes=\"(max-width: 1220px) 100vw, 1220px\" \/><\/p>\n<p>\u0130stanbul&#8217;un bir\u00e7ok millete ev sahipli\u011fi yapmas\u0131, politik ve ekonomik olarak T\u00fcrkiye&#8217;nin \u00f6nde gelen \u015fehirlerinden olmas\u0131, \u00e7ok k\u00f6kl\u00fc bir tarihinin olmas\u0131 gibi nedenlerle \u0130stanbul, yurti\u00e7i ve yurtd\u0131\u015f\u0131 \u00e7ok fazla etkile\u015fime sahiptir. Bu sebeplerle her hafta, her g\u00fcn, hatta her saat \u015fehrin farkl\u0131 noktalar\u0131nda bir etkinlik vard\u0131r. Bir semtte dans festivaline kat\u0131l\u0131rken bir ba\u015fkas\u0131nda \u00fcnl\u00fc bir m\u00fczisyenin konserini, bir di\u011fer yerde bir politikac\u0131n\u0131n konu\u015fmas\u0131n\u0131 ya da yerde uluslararas\u0131 bir yar\u0131\u015fmay\u0131 takip edebilirsiniz. \u0130lgi duydu\u011funuz birbirinden \u00e7e\u015fitli kurslarla kendinizi geli\u015ftirebilir, farkl\u0131 \u00fclke vatanda\u015flar\u0131yla tan\u0131\u015fabilir, asla uyumayan bir \u015fehirde metropol hayat\u0131n\u0131 ya\u015fayabilirsiniz.<\/p>\n","protected":false},"excerpt":{"rendered":"<p>&nbsp; \u0130stanbul muhte\u015fem do\u011fal g\u00fczellikleriyle, k\u00fclt\u00fcr\u00fc, saraylar\u0131, k\u00f6\u015fkleri, m\u00fczeleri, park ve bah\u00e7eleri, [&hellip;]<\/p>\n","protected":false},"author":3,"featured_media":0,"parent":0,"menu_order":0,"comment_status":"closed","ping_status":"closed","template":"","meta":{"sfsi_plus_gutenberg_text_before_share":"","sfsi_plus_gutenberg_show_text_before_share":"","sfsi_plus_gutenberg_icon_type":"","sfsi_plus_gutenberg_icon_alignemt":"","sfsi_plus_gutenburg_max_per_row":""},"_links":{"self":[{"href":"https:\/\/istanbultiptanitim.istanbul.edu.tr\/index.php\/wp-json\/wp\/v2\/pages\/545"}],"collection":[{"href":"https:\/\/istanbultiptanitim.istanbul.edu.tr\/index.php\/wp-json\/wp\/v2\/pages"}],"about":[{"href":"https:\/\/istanbultiptanitim.istanbul.edu.tr\/index.php\/wp-json\/wp\/v2\/types\/page"}],"author":[{"embeddable":true,"href":"https:\/\/istanbultiptanitim.istanbul.edu.tr\/index.php\/wp-json\/wp\/v2\/users\/3"}],"replies":[{"embeddable":true,"href":"https:\/\/istanbultiptanitim.istanbul.edu.tr\/index.php\/wp-json\/wp\/v2\/comments?post=545"}],"version-history":[{"count":7,"href":"https:\/\/istanbultiptanitim.istanbul.edu.tr\/index.php\/wp-json\/wp\/v2\/pages\/545\/revisions"}],"predecessor-version":[{"id":615,"href":"https:\/\/istanbultiptanitim.istanbul.edu.tr\/index.php\/wp-json\/wp\/v2\/pages\/545\/revisions\/615"}],"wp:attachment":[{"href":"https:\/\/istanbultiptanitim.istanbul.edu.tr\/index.php\/wp-json\/wp\/v2\/media?parent=545"}],"curies":[{"name":"wp","href":"https:\/\/api.w.org\/{rel}","templated":true}]}}