{"id":694,"date":"2018-07-13T23:15:49","date_gmt":"2018-07-13T20:15:49","guid":{"rendered":"http:\/\/istanbultiptanitim.istanbul.edu.tr\/?page_id=694"},"modified":"2019-07-16T20:17:01","modified_gmt":"2019-07-16T17:17:01","slug":"aday-ogrencilere-mesajlar","status":"publish","type":"page","link":"https:\/\/istanbultiptanitim.istanbul.edu.tr\/index.php\/aday-ogrencilere-mesajlar\/","title":{"rendered":"Aday \u00d6\u011frencilere Mesajlar"},"content":{"rendered":"<div id=\"pl-694\"  class=\"panel-layout\" ><div id=\"pg-694-0\"  class=\"panel-grid panel-has-style\" ><div style=\"padding: 100px 0; \" data-overlay=\"true\" data-overlay-color=\"#000000\" class=\"panel-row-style panel-row-style-for-694-0\" ><div id=\"pgc-694-0-0\"  class=\"panel-grid-cell\" ><div id=\"panel-694-0-0-0\" class=\"so-panel widget widget_text panel-first-child\" data-index=\"0\" ><div style=\"text-align: left;\" data-title-color=\"#443f3f\" data-headings-color=\"#443f3f\" class=\"panel-widget-style panel-widget-style-for-694-0-0-0\" >\t\t\t<div class=\"textwidget\"><\/div>\n\t\t<\/div><\/div><div id=\"panel-694-0-0-1\" class=\"so-panel widget widget_sydney_video_widget sydney_video_widget_widget panel-last-child\" data-index=\"1\" ><div style=\"text-align: center;\" data-title-color=\"#ffffff\" data-headings-color=\"#443f3f\" class=\"panel-widget-style panel-widget-style-for-694-0-0-1\" ><h3 class=\"widget-title\">Prof. Dr. Mehmet \u015e\u00fckr\u00fc SEVER<\/h3><div class=\"sydney-video vid-lightbox\"><div class=\"video-overlay\"><div class=\"sydney-video-inner\"><span class=\"close-popup\"><i class=\"fa fa-times\"><\/i><\/span><iframe title=\"Aday \u00d6\u011frencilere Mesajlar - Prof. Dr. Mehmet \u015e\u00fckr\u00fc SEVER (2018)\" width=\"1170\" height=\"658\" src=\"https:\/\/www.youtube.com\/embed\/OH4rwEPyxA4?feature=oembed\" frameborder=\"0\" allow=\"accelerometer; autoplay; clipboard-write; encrypted-media; gyroscope; picture-in-picture; web-share\" referrerpolicy=\"strict-origin-when-cross-origin\" allowfullscreen><\/iframe><\/div><\/div><div class=\"video-text\"><\/div><a href=\"#\" class=\"toggle-popup\"><i class=\"fa fa-play\"><\/i><\/a><\/div><\/div><\/div><\/div><div id=\"pgc-694-0-1\"  class=\"panel-grid-cell\" ><div id=\"panel-694-0-1-0\" class=\"so-panel widget widget_text panel-first-child\" data-index=\"2\" ><div style=\"text-align: left;\" data-title-color=\"#443f3f\" data-headings-color=\"#443f3f\" class=\"panel-widget-style panel-widget-style-for-694-0-1-0\" >\t\t\t<div class=\"textwidget\"><\/div>\n\t\t<\/div><\/div><div id=\"panel-694-0-1-1\" class=\"so-panel widget widget_sydney_video_widget sydney_video_widget_widget panel-last-child\" data-index=\"3\" ><div style=\"text-align: center;\" data-title-color=\"#ffffff\" data-headings-color=\"#443f3f\" class=\"panel-widget-style panel-widget-style-for-694-0-1-1\" ><h3 class=\"widget-title\">Uzm. Dr. Bahar \u00c7ALI\u015eKAN<\/h3><div class=\"sydney-video vid-lightbox\"><div class=\"video-overlay\"><div class=\"sydney-video-inner\"><span class=\"close-popup\"><i class=\"fa fa-times\"><\/i><\/span><iframe title=\"Aday \u00d6\u011frencilere Mesajlar - Uzm. Dr. Bahar \u00c7ALI\u015eKAN (2018)\" width=\"1170\" height=\"658\" src=\"https:\/\/www.youtube.com\/embed\/oofLGbnAFs0?feature=oembed\" frameborder=\"0\" allow=\"accelerometer; autoplay; clipboard-write; encrypted-media; gyroscope; picture-in-picture; web-share\" referrerpolicy=\"strict-origin-when-cross-origin\" allowfullscreen><\/iframe><\/div><\/div><div class=\"video-text\"><\/div><a href=\"#\" class=\"toggle-popup\"><i class=\"fa fa-play\"><\/i><\/a><\/div><\/div><\/div><\/div><div id=\"pgc-694-0-2\"  class=\"panel-grid-cell\" ><div id=\"panel-694-0-2-0\" class=\"so-panel widget widget_text panel-first-child\" data-index=\"4\" ><div style=\"text-align: left;\" data-title-color=\"#443f3f\" data-headings-color=\"#443f3f\" class=\"panel-widget-style panel-widget-style-for-694-0-2-0\" >\t\t\t<div class=\"textwidget\"><\/div>\n\t\t<\/div><\/div><div id=\"panel-694-0-2-1\" class=\"so-panel widget widget_sydney_video_widget sydney_video_widget_widget panel-last-child\" data-index=\"5\" ><div style=\"text-align: center;\" data-title-color=\"#ffffff\" data-headings-color=\"#443f3f\" class=\"panel-widget-style panel-widget-style-for-694-0-2-1\" ><h3 class=\"widget-title\">Prof. Dr. Mustafa Oral \u00d6NC\u00dcL<\/h3><div class=\"sydney-video vid-lightbox\"><div class=\"video-overlay\"><div class=\"sydney-video-inner\"><span class=\"close-popup\"><i class=\"fa fa-times\"><\/i><\/span><iframe title=\"Aday \u00d6\u011frencilere Mesajlar - Prof. Dr. Mustafa Oral \u00d6NC\u00dcL (2018)\" width=\"1170\" height=\"658\" src=\"https:\/\/www.youtube.com\/embed\/IiaGZh1VBLQ?feature=oembed\" frameborder=\"0\" allow=\"accelerometer; autoplay; clipboard-write; encrypted-media; gyroscope; picture-in-picture; web-share\" referrerpolicy=\"strict-origin-when-cross-origin\" allowfullscreen><\/iframe><\/div><\/div><div class=\"video-text\"><\/div><a href=\"#\" class=\"toggle-popup\"><i class=\"fa fa-play\"><\/i><\/a><\/div><\/div><\/div><\/div><\/div><\/div><div id=\"pg-694-1\"  class=\"panel-grid panel-has-style\" ><div style=\"padding: 100px 0; \" data-overlay=\"true\" data-overlay-color=\"#000000\" class=\"panel-row-style panel-row-style-for-694-1\" ><div id=\"pgc-694-1-0\"  class=\"panel-grid-cell\" ><div id=\"panel-694-1-0-0\" class=\"so-panel widget widget_text panel-first-child\" data-index=\"6\" ><div style=\"text-align: left;\" data-title-color=\"#443f3f\" data-headings-color=\"#443f3f\" class=\"panel-widget-style panel-widget-style-for-694-1-0-0\" >\t\t\t<div class=\"textwidget\"><\/div>\n\t\t<\/div><\/div><div id=\"panel-694-1-0-1\" class=\"so-panel widget widget_sydney_video_widget sydney_video_widget_widget panel-last-child\" data-index=\"7\" ><div style=\"text-align: center;\" data-title-color=\"#ffffff\" data-headings-color=\"#443f3f\" class=\"panel-widget-style panel-widget-style-for-694-1-0-1\" ><h3 class=\"widget-title\">Do\u00e7. Dr. Aylin TEKE\u015e<\/h3><div class=\"sydney-video vid-lightbox\"><div class=\"video-overlay\"><div class=\"sydney-video-inner\"><span class=\"close-popup\"><i class=\"fa fa-times\"><\/i><\/span><iframe title=\"Aday \u00d6\u011frencilere Mesajlar - Do\u00e7. Dr. Aylin TEKE\u015e (2018)\" width=\"1170\" height=\"658\" src=\"https:\/\/www.youtube.com\/embed\/ji4GVATC7t0?feature=oembed\" frameborder=\"0\" allow=\"accelerometer; autoplay; clipboard-write; encrypted-media; gyroscope; picture-in-picture; web-share\" referrerpolicy=\"strict-origin-when-cross-origin\" allowfullscreen><\/iframe><\/div><\/div><div class=\"video-text\"><\/div><a href=\"#\" class=\"toggle-popup\"><i class=\"fa fa-play\"><\/i><\/a><\/div><\/div><\/div><\/div><div id=\"pgc-694-1-1\"  class=\"panel-grid-cell\" ><div id=\"panel-694-1-1-0\" class=\"so-panel widget widget_text panel-first-child\" data-index=\"8\" ><div style=\"text-align: left;\" data-title-color=\"#443f3f\" data-headings-color=\"#443f3f\" class=\"panel-widget-style panel-widget-style-for-694-1-1-0\" >\t\t\t<div class=\"textwidget\"><\/div>\n\t\t<\/div><\/div><div id=\"panel-694-1-1-1\" class=\"so-panel widget widget_sydney_video_widget sydney_video_widget_widget panel-last-child\" data-index=\"9\" ><div style=\"text-align: center;\" data-title-color=\"#ffffff\" data-headings-color=\"#443f3f\" class=\"panel-widget-style panel-widget-style-for-694-1-1-1\" ><h3 class=\"widget-title\">Do\u00e7. Dr. Hakan ERT\u0130N<\/h3><div class=\"sydney-video vid-lightbox\"><div class=\"video-overlay\"><div class=\"sydney-video-inner\"><span class=\"close-popup\"><i class=\"fa fa-times\"><\/i><\/span><iframe title=\"Aday \u00d6\u011frencilere Mesajlar - Do\u00e7. Dr. Hakan ERT\u0130N (2018)\" width=\"1170\" height=\"658\" src=\"https:\/\/www.youtube.com\/embed\/gECwEBQgkKo?feature=oembed\" frameborder=\"0\" allow=\"accelerometer; autoplay; clipboard-write; encrypted-media; gyroscope; picture-in-picture; web-share\" referrerpolicy=\"strict-origin-when-cross-origin\" allowfullscreen><\/iframe><\/div><\/div><div class=\"video-text\"><\/div><a href=\"#\" class=\"toggle-popup\"><i class=\"fa fa-play\"><\/i><\/a><\/div><\/div><\/div><\/div><div id=\"pgc-694-1-2\"  class=\"panel-grid-cell\" ><div id=\"panel-694-1-2-0\" class=\"so-panel widget widget_text panel-first-child\" data-index=\"10\" ><div style=\"text-align: left;\" data-title-color=\"#443f3f\" data-headings-color=\"#443f3f\" class=\"panel-widget-style panel-widget-style-for-694-1-2-0\" >\t\t\t<div class=\"textwidget\"><\/div>\n\t\t<\/div><\/div><div id=\"panel-694-1-2-1\" class=\"so-panel widget widget_sydney_video_widget sydney_video_widget_widget panel-last-child\" data-index=\"11\" ><div style=\"text-align: center;\" data-title-color=\"#ffffff\" data-headings-color=\"#443f3f\" class=\"panel-widget-style panel-widget-style-for-694-1-2-1\" ><h3 class=\"widget-title\">Prof. Dr. Ayper SOMER<\/h3><div class=\"sydney-video vid-lightbox\"><div class=\"video-overlay\"><div class=\"sydney-video-inner\"><span class=\"close-popup\"><i class=\"fa fa-times\"><\/i><\/span><iframe title=\"Aday \u00d6\u011frencilere Mesajlar - Prof. Dr. Ayper SOMER (2018)\" width=\"1170\" height=\"658\" src=\"https:\/\/www.youtube.com\/embed\/hpghp1oeegY?feature=oembed\" frameborder=\"0\" allow=\"accelerometer; autoplay; clipboard-write; encrypted-media; gyroscope; picture-in-picture; web-share\" referrerpolicy=\"strict-origin-when-cross-origin\" allowfullscreen><\/iframe><\/div><\/div><div class=\"video-text\"><\/div><a href=\"#\" class=\"toggle-popup\"><i class=\"fa fa-play\"><\/i><\/a><\/div><\/div><\/div><\/div><\/div><\/div><div id=\"pg-694-2\"  class=\"panel-grid panel-has-style\" ><div style=\"padding: 100px 0; \" data-overlay=\"true\" data-overlay-color=\"#000000\" class=\"panel-row-style panel-row-style-for-694-2\" ><div id=\"pgc-694-2-0\"  class=\"panel-grid-cell\" ><div id=\"panel-694-2-0-0\" class=\"so-panel widget widget_text panel-first-child\" data-index=\"12\" ><div style=\"text-align: left;\" data-title-color=\"#443f3f\" data-headings-color=\"#443f3f\" class=\"panel-widget-style panel-widget-style-for-694-2-0-0\" >\t\t\t<div class=\"textwidget\"><\/div>\n\t\t<\/div><\/div><div id=\"panel-694-2-0-1\" class=\"so-panel widget widget_sydney_video_widget sydney_video_widget_widget panel-last-child\" data-index=\"13\" ><div style=\"text-align: center;\" data-title-color=\"#ffffff\" data-headings-color=\"#443f3f\" class=\"panel-widget-style panel-widget-style-for-694-2-0-1\" ><h3 class=\"widget-title\">Prof. Dr. Kadir DEM\u0130R<\/h3><div class=\"sydney-video vid-lightbox\"><div class=\"video-overlay\"><div class=\"sydney-video-inner\"><span class=\"close-popup\"><i class=\"fa fa-times\"><\/i><\/span><iframe title=\"Aday \u00d6\u011frencilere Mesajlar - Prof. Dr. Kadir DEM\u0130R (2018)\" width=\"1170\" height=\"658\" src=\"https:\/\/www.youtube.com\/embed\/J6mkNVfRRJA?feature=oembed\" frameborder=\"0\" allow=\"accelerometer; autoplay; clipboard-write; encrypted-media; gyroscope; picture-in-picture; web-share\" referrerpolicy=\"strict-origin-when-cross-origin\" allowfullscreen><\/iframe><\/div><\/div><div class=\"video-text\"><\/div><a href=\"#\" class=\"toggle-popup\"><i class=\"fa fa-play\"><\/i><\/a><\/div><\/div><\/div><\/div><div id=\"pgc-694-2-1\"  class=\"panel-grid-cell\" ><div id=\"panel-694-2-1-0\" class=\"so-panel widget widget_text panel-first-child\" data-index=\"14\" ><div style=\"text-align: left;\" data-title-color=\"#443f3f\" data-headings-color=\"#443f3f\" class=\"panel-widget-style panel-widget-style-for-694-2-1-0\" >\t\t\t<div class=\"textwidget\"><\/div>\n\t\t<\/div><\/div><div id=\"panel-694-2-1-1\" class=\"so-panel widget widget_sydney_video_widget sydney_video_widget_widget panel-last-child\" data-index=\"15\" ><div style=\"text-align: center;\" data-title-color=\"#ffffff\" data-headings-color=\"#443f3f\" class=\"panel-widget-style panel-widget-style-for-694-2-1-1\" ><h3 class=\"widget-title\">Dr. Yusuf YE\u015e\u0130L<\/h3><div class=\"sydney-video vid-lightbox\"><div class=\"video-overlay\"><div class=\"sydney-video-inner\"><span class=\"close-popup\"><i class=\"fa fa-times\"><\/i><\/span><iframe title=\"Aday \u00d6\u011frencilere Mesajlar - Dr.Yusuf Ye\u015fil (2018)\" width=\"1170\" height=\"658\" src=\"https:\/\/www.youtube.com\/embed\/CTHwMkrRfJk?feature=oembed\" frameborder=\"0\" allow=\"accelerometer; autoplay; clipboard-write; encrypted-media; gyroscope; picture-in-picture; web-share\" referrerpolicy=\"strict-origin-when-cross-origin\" allowfullscreen><\/iframe><\/div><\/div><div class=\"video-text\"><\/div><a href=\"#\" class=\"toggle-popup\"><i class=\"fa fa-play\"><\/i><\/a><\/div><\/div><\/div><\/div><div id=\"pgc-694-2-2\"  class=\"panel-grid-cell\" ><div id=\"panel-694-2-2-0\" class=\"so-panel widget widget_text panel-first-child\" data-index=\"16\" ><div style=\"text-align: left;\" data-title-color=\"#443f3f\" data-headings-color=\"#443f3f\" class=\"panel-widget-style panel-widget-style-for-694-2-2-0\" >\t\t\t<div class=\"textwidget\"><\/div>\n\t\t<\/div><\/div><div id=\"panel-694-2-2-1\" class=\"so-panel widget widget_sydney_video_widget sydney_video_widget_widget panel-last-child\" data-index=\"17\" ><div style=\"text-align: center;\" data-title-color=\"#ffffff\" data-headings-color=\"#443f3f\" class=\"panel-widget-style panel-widget-style-for-694-2-2-1\" ><h3 class=\"widget-title\">Dr. Ekin G\u00dcNEY<\/h3><div class=\"sydney-video vid-lightbox\"><div class=\"video-overlay\"><div class=\"sydney-video-inner\"><span class=\"close-popup\"><i class=\"fa fa-times\"><\/i><\/span><iframe title=\"Aday \u00d6\u011frencilere Mesajlar - Dr. Ekin G\u00dcNEY (2018)\" width=\"1170\" height=\"658\" src=\"https:\/\/www.youtube.com\/embed\/980exCiFoe0?feature=oembed\" frameborder=\"0\" allow=\"accelerometer; autoplay; clipboard-write; encrypted-media; gyroscope; picture-in-picture; web-share\" referrerpolicy=\"strict-origin-when-cross-origin\" allowfullscreen><\/iframe><\/div><\/div><div class=\"video-text\"><\/div><a href=\"#\" class=\"toggle-popup\"><i class=\"fa fa-play\"><\/i><\/a><\/div><\/div><\/div><\/div><\/div><\/div><div id=\"pg-694-3\"  class=\"panel-grid panel-has-style\" ><div style=\"padding: 100px 0; \" data-overlay=\"true\" data-overlay-color=\"#000000\" class=\"panel-row-style panel-row-style-for-694-3\" ><div id=\"pgc-694-3-0\"  class=\"panel-grid-cell\" ><div id=\"panel-694-3-0-0\" class=\"so-panel widget widget_text panel-first-child\" data-index=\"18\" ><div style=\"text-align: left;\" data-title-color=\"#443f3f\" data-headings-color=\"#443f3f\" class=\"panel-widget-style panel-widget-style-for-694-3-0-0\" >\t\t\t<div class=\"textwidget\"><\/div>\n\t\t<\/div><\/div><div id=\"panel-694-3-0-1\" class=\"so-panel widget widget_sydney_video_widget sydney_video_widget_widget panel-last-child\" data-index=\"19\" ><div style=\"text-align: center;\" data-title-color=\"#ffffff\" data-headings-color=\"#443f3f\" class=\"panel-widget-style panel-widget-style-for-694-3-0-1\" ><h3 class=\"widget-title\">Prof. Dr. Zeki KILI\u00c7ASLAN<\/h3><div class=\"sydney-video vid-lightbox\"><div class=\"video-overlay\"><div class=\"sydney-video-inner\"><span class=\"close-popup\"><i class=\"fa fa-times\"><\/i><\/span><iframe title=\"Aday \u00d6\u011frencilere Mesajlar - Prof. Dr. Zeki KILI\u00c7ASLAN (2018)\" width=\"1170\" height=\"658\" src=\"https:\/\/www.youtube.com\/embed\/tvXY-J1R8q0?feature=oembed\" frameborder=\"0\" allow=\"accelerometer; autoplay; clipboard-write; encrypted-media; gyroscope; picture-in-picture; web-share\" referrerpolicy=\"strict-origin-when-cross-origin\" allowfullscreen><\/iframe><\/div><\/div><div class=\"video-text\"><\/div><a href=\"#\" class=\"toggle-popup\"><i class=\"fa fa-play\"><\/i><\/a><\/div><\/div><\/div><\/div><div id=\"pgc-694-3-1\"  class=\"panel-grid-cell panel-grid-cell-empty panel-grid-cell-mobile-last\" ><\/div><div id=\"pgc-694-3-2\"  class=\"panel-grid-cell panel-grid-cell-empty\" ><\/div><\/div><\/div><\/div>","protected":false},"excerpt":{"rendered":"<p>Prof. Dr. Mehmet \u015e\u00fckr\u00fc SEVER Uzm. Dr. Bahar \u00c7ALI\u015eKAN Prof. Dr. Mustafa [&hellip;]<\/p>\n","protected":false},"author":3,"featured_media":0,"parent":0,"menu_order":0,"comment_status":"closed","ping_status":"closed","template":"","meta":{"sfsi_plus_gutenberg_text_before_share":"","sfsi_plus_gutenberg_show_text_before_share":"","sfsi_plus_gutenberg_icon_type":"","sfsi_plus_gutenberg_icon_alignemt":"","sfsi_plus_gutenburg_max_per_row":""},"_links":{"self":[{"href":"https:\/\/istanbultiptanitim.istanbul.edu.tr\/index.php\/wp-json\/wp\/v2\/pages\/694"}],"collection":[{"href":"https:\/\/istanbultiptanitim.istanbul.edu.tr\/index.php\/wp-json\/wp\/v2\/pages"}],"about":[{"href":"https:\/\/istanbultiptanitim.istanbul.edu.tr\/index.php\/wp-json\/wp\/v2\/types\/page"}],"author":[{"embeddable":true,"href":"https:\/\/istanbultiptanitim.istanbul.edu.tr\/index.php\/wp-json\/wp\/v2\/users\/3"}],"replies":[{"embeddable":true,"href":"https:\/\/istanbultiptanitim.istanbul.edu.tr\/index.php\/wp-json\/wp\/v2\/comments?post=694"}],"version-history":[{"count":68,"href":"https:\/\/istanbultiptanitim.istanbul.edu.tr\/index.php\/wp-json\/wp\/v2\/pages\/694\/revisions"}],"predecessor-version":[{"id":2554,"href":"https:\/\/istanbultiptanitim.istanbul.edu.tr\/index.php\/wp-json\/wp\/v2\/pages\/694\/revisions\/2554"}],"wp:attachment":[{"href":"https:\/\/istanbultiptanitim.istanbul.edu.tr\/index.php\/wp-json\/wp\/v2\/media?parent=694"}],"curies":[{"name":"wp","href":"https:\/\/api.w.org\/{rel}","templated":true}]}}